{"id":29612,"date":"2022-11-23T17:44:04","date_gmt":"2022-11-23T16:44:04","guid":{"rendered":"https:\/\/www4.best-harmony-life.com\/geobiologie\/"},"modified":"2023-12-20T17:22:47","modified_gmt":"2023-12-20T16:22:47","slug":"geobiologie","status":"publish","type":"page","link":"https:\/\/www.best-harmony-life.com\/de\/geobiologie\/","title":{"rendered":"Geobiologie \u2013 Harmonisierung Wohnraum-Bewohner"},"content":{"rendered":"<!--themify_builder_content-->\n<div id=\"themify_builder_content-29612\" data-postid=\"29612\" class=\"themify_builder_content themify_builder_content-29612 themify_builder tf_clear\">\n                    <div  data-lazy=\"1\" class=\"module_row themify_builder_row tb_reai348 tb_first tf_w\">\n                        <div class=\"row_inner col_align_top tb_col_count_1 tf_box tf_rel\">\n                        <div  data-lazy=\"1\" class=\"module_column tb-column col-full tb_3n8b350 first\">\n                    <!-- module fancy heading -->\n<div  class=\"module module-fancy-heading tb_b84o350  tb_gs29013622\" data-lazy=\"1\">\n        <h1 class=\"fancy-heading tf_textc\">\n    <span class=\"main-head tf_block\">\n                    Geobiologie            <\/span>\n\n    \n    <span class=\"sub-head tf_block tf_rel\">\n                    Harmonisierung Wohnraum-Bewohner            <\/span>\n    <\/h1>\n<\/div>\n<!-- \/module fancy heading -->\n<!-- module fancy heading -->\n<div  class=\"module module-fancy-heading tb_q3hv400  tb_gs29013622\" data-lazy=\"1\">\n        <h2 class=\"fancy-heading tf_textc\">\n    <span class=\"main-head tf_block\">\n                    \"Das oberste Ziel des Hauses ist das Wohlergehen derer, die darin leben.\"            <\/span>\n\n    \n    <span class=\"sub-head tf_block tf_rel\">\n                    Alberto Eiguer            <\/span>\n    <\/h2>\n<\/div>\n<!-- \/module fancy heading -->\n        <\/div>\n                        <\/div>\n        <\/div>\n                        <div  data-lazy=\"1\" class=\"module_row themify_builder_row tb_gs29023622 tb_0dzd348 tf_w\">\n                        <div class=\"row_inner col_align_top tb_col_count_1 tf_box tf_rel\">\n                        <div  data-lazy=\"1\" class=\"module_column tb-column col-full tb_fm6j353 first\">\n                    <!-- module text -->\n<div  class=\"module module-text tb_veuq353 checklist  \" data-lazy=\"1\">\n        <div  class=\"tb_text_wrap\">\n        <h2><b><img loading=\"lazy\" decoding=\"async\" class=\"alignright size-full wp-image-29076\" src=\"https:\/\/www4.best-harmony-life.com\/wp-content\/uploads\/2022\/11\/geobiologie-150x150-1.png\" alt=\"\" width=\"150\" height=\"150\" srcset=\"https:\/\/www.best-harmony-life.com\/wp-content\/uploads\/2022\/11\/geobiologie-150x150-1.png 150w, https:\/\/www.best-harmony-life.com\/wp-content\/uploads\/2022\/11\/geobiologie-150x150-1-100x100.png 100w\" sizes=\"auto, (max-width: 150px) 100vw, 150px\" title=\"\">Was ist Geobiologie?<\/b><\/h2>\n<p><strong>Geobiologie (Geo-Bio-Logie)<\/strong><\/p>\n<p>Die Bezeichnung stammt aus dem Griechischen: \u00abgeos\u00bb = Erde, \u00abbios\u00bb = Leben und \u00ablogos\u00bb = Wort, Wissenschaft. Die Geobiologie befasst sich damit, energetische Interaktionen zwischen den Lebewesen und ihrem Umfeld zu begreifen.<\/p>\n<p>Die <strong>Harmonisierung Wohnraum-Bewohner<\/strong> hat im Wassermannzeitalter grosse Bedeutung erlangt: Erstrebt wird ein ausgeglichenes Leben mit gesteigertem k\u00f6rperlichen, emotionalen und mentalen Wohlbefinden.<\/p>\n<p>Wieviel einfacher ist es doch, in einem harmonischen Umfeld zu leben, in dem man sich wohl f\u00fchlt!<\/p>\n<p>Die Geobiologie beinhaltet das Erforschen eines Ortes nach physischen Kriterien (Bodenbeschaffenheit und -zustand), tellurische Netze, und nach metaphysischen Kriterien (dazu z\u00e4hlen alle nicht sicht- oder erfassbare Ph\u00e4nomene, die nur durch Empfindung nachgewiesen werden k\u00f6nnen). Sie beruht auf dem Wohlbefinden der Bewohnerinnen und Bewohner eines Ortes. In unserer Praxis ist die Verbindung Umfeld-Bewohner absolut grundlegend.<\/p>\n<p>Intuitives und rationales Aufsp\u00fcren von unsichtbaren, verborgenen Auswirkungen des Umfelds auf die Lebewesen (z.B. Wasserstr\u00f6me, tellurische Netze, W\u00e4nde- und Objektged\u00e4chtnis, Spalten, elektromagnetische Wellen, Hilfs- oder St\u00f6rgeister), mit dem Zweck, sie zu harmonisieren und die Qualit\u00e4t eines Wohn- oder Arbeitsraumes zu verbessern.<\/p>\n<p>Die Geobiologie entstand anfangs des 20. Jahrhunderts infolge von Studien, die zahlreiche Wissenschaftler zu den oben genannten Ph\u00e4nomenen durchgef\u00fchrt hatten. Vom 15. bis zum 20. Jahrhundert liesse sich solche Forschung auch mit der Radi\u00e4sthesie vergleichen. Im Mittelalter (5. bis 15. Jahrhundert) z\u00e4hlten etwa \u00abHexerei\u00bb oder Alchimie dazu. In der Antike wurde diese Wissenschaft von den Druiden gepflegt.<\/p>    <\/div>\n<\/div>\n<!-- \/module text --><!-- module text -->\n<div  class=\"module module-text tb_in9x707 checklist  \" data-lazy=\"1\">\n        <div  class=\"tb_text_wrap\">\n        <h2>Unsere Leistungen in Geobiologie<\/h2>\n<ul>\n<li><strong>Harmonisierung<\/strong> des Lebensraumes dank leistungsf\u00e4higen Werkzeugen<br>-&gt; <strong>Harmonisierung des Ortes\u2026\u2028<\/strong><\/li>\n<li>Neutralisierung der <strong>tellurischen Effekte<\/strong>, um das Wohlbefinden im Lebensraum zu steigern<br><a href=\"https:\/\/www.best-harmony-life.com\/de\/geobiologie\/geobiologie-de-votre-habitat\/\">-&gt; <\/a><strong>tellurische<\/strong><strong> Effekte<\/strong><a href=\"https:\/\/www.best-harmony-life.com\/de\/geobiologie\/geobiologie-de-votre-habitat\/\"><strong>\u2026<\/strong><\/a><\/li>\n<li>Minderung von <strong>elektromagnetischen St\u00f6rungen<\/strong> und konkrete L\u00f6sungen, um sich besser davon abzuschirmen<br>-&gt; <strong>elektromagnetische St\u00f6rungen\u2026<\/strong><\/li>\n<\/ul>    <\/div>\n<\/div>\n<!-- \/module text --><!-- module divider -->\n<div  class=\"module tf_mw module-divider tb_uqvy794 solid   \" style=\"border-width: 1px;border-color: #796635;\" data-lazy=\"1\">\n    <\/div>\n<!-- \/module divider -->\n<!-- module text -->\n<div  class=\"module module-text tb_ej4i719 checklist  \" data-lazy=\"1\">\n        <div  class=\"tb_text_wrap\">\n        <h2><b><img loading=\"lazy\" decoding=\"async\" class=\"alignright size-full wp-image-29079\" src=\"https:\/\/www4.best-harmony-life.com\/wp-content\/uploads\/2022\/11\/geobiologie-1-150x150-1.png\" alt=\"\" width=\"150\" height=\"150\" srcset=\"https:\/\/www.best-harmony-life.com\/wp-content\/uploads\/2022\/11\/geobiologie-1-150x150-1.png 150w, https:\/\/www.best-harmony-life.com\/wp-content\/uploads\/2022\/11\/geobiologie-1-150x150-1-100x100.png 100w\" sizes=\"auto, (max-width: 150px) 100vw, 150px\" title=\"\">Geobiologie in Ihrem Wohnraum<\/b><\/h2>\n<p>Die harmonische Wechselwirkung Wohnraum- Bewohner hat im Wassermannzeitalter grosse Bedeutung erlangt: Erstrebt wird ein ausgeglichenes Leben mit gesteigertem k\u00f6rperlichen, emotionalen und mentalen Wohlbefinden.<\/p>\n<p>Wieviel einfacher ist es doch, in einem harmonischen Umfeld zu leben, in dem man sich wohl f\u00fchlt!<\/p>\n<h3>Unsere Dienstleistungen<\/h3>\n<ul>\n<li><strong>Kl\u00e4rung \/ Reinigung<\/strong> eines Ortes vor dem Einziehen, um allf\u00e4llige St\u00f6rzonen der vormaligen Bewohner zu erkennen und zu neutralisieren.<\/li>\n<li><strong>Harmonisierung<\/strong> des Lebensraumes dank leistungsf\u00e4higen Werkzeugen<\/li>\n<li><strong>Neutralisierung der tellurischen Effekte<\/strong>, um das Wohlbefinden im Lebensraum zusteigern<\/li>\n<li><strong>Reduzierung elektromagnetischer St\u00f6rungen<\/strong> und konkrete L\u00f6sungen, um sichbesser davon abzuschirmen<\/li>\n<li><strong>Schutz gegen Reizwellen<\/strong> (Mobiltelefone, Computer usw\u2026)<b><br><\/b><\/li>\n<\/ul>    <\/div>\n<\/div>\n<!-- \/module text --><!-- module divider -->\n<div  class=\"module tf_mw module-divider tb_6xec332 solid   \" style=\"border-width: 1px;border-color: #796635;\" data-lazy=\"1\">\n    <\/div>\n<!-- \/module divider -->\n<!-- module text -->\n<div  class=\"module module-text tb_1b64219 checklist  \" data-lazy=\"1\">\n        <div  class=\"tb_text_wrap\">\n        <h2>Geobiologische Abschirmung<\/h2>\n<h2><a href=\"https:\/\/aveni.shop\/de\/\" target=\"_blank\" rel=\"noopener\"><img loading=\"lazy\" decoding=\"async\" class=\"size-medium wp-image-30445 alignleft\" src=\"https:\/\/www.best-harmony-life.com\/wp-content\/uploads\/2023\/02\/AVENI.SHOP_-300x143.png\" alt=\"\" width=\"300\" height=\"143\" srcset=\"https:\/\/www.best-harmony-life.com\/wp-content\/uploads\/2023\/02\/AVENI.SHOP_-300x143.png 300w, https:\/\/www.best-harmony-life.com\/wp-content\/uploads\/2023\/02\/AVENI.SHOP_-768x367.png 768w, https:\/\/www.best-harmony-life.com\/wp-content\/uploads\/2023\/02\/AVENI.SHOP_-600x286.png 600w, https:\/\/www.best-harmony-life.com\/wp-content\/uploads\/2023\/02\/AVENI.SHOP_.png 1022w\" sizes=\"auto, (max-width: 300px) 100vw, 300px\" title=\"\"><\/a><br><a href=\"https:\/\/www.best-harmony-life.com\/de\/tervica\/\" target=\"_blank\" rel=\"noopener\"><img loading=\"lazy\" decoding=\"async\" class=\"alightright alignnone wp-image-30445 size-medium\" src=\"https:\/\/www.best-harmony-life.com\/wp-content\/uploads\/2023\/02\/AVENI.SHOP_-300x143.png\" alt=\"\" width=\"300\" height=\"143\" srcset=\"https:\/\/www.best-harmony-life.com\/wp-content\/uploads\/2023\/02\/AVENI.SHOP_-300x143.png 300w, https:\/\/www.best-harmony-life.com\/wp-content\/uploads\/2023\/02\/AVENI.SHOP_-768x367.png 768w, https:\/\/www.best-harmony-life.com\/wp-content\/uploads\/2023\/02\/AVENI.SHOP_-600x286.png 600w, https:\/\/www.best-harmony-life.com\/wp-content\/uploads\/2023\/02\/AVENI.SHOP_.png 1022w\" sizes=\"auto, (max-width: 300px) 100vw, 300px\" title=\"\"><\/a><\/h2>\n<p><strong>Materie ist stets mit Vibration verbunden.<\/strong><\/p>\n<p>Alle Lebewesen, alle Pflanzen und auch unser K\u00f6rper sind in der Natur stets mannigfaltigen Vibrationen ausgesetzt. Dies geht vom Erdmagnetfeld bis zu elektrischen und magnetischen Frequenzen.<\/p>\n<p>Die <strong>Bio-Resonanz<\/strong> ist das Mittel, mit dem <strong>unser K\u00f6rper mit unserem Umfeld via die Vibration unserer Zellen kommuniziert<\/strong>. <strong>Je harmonischer die Resonanz ist, je vitaler reagiert und entwickelt sich unser K\u00f6rper<\/strong>.<\/p>\n<p><strong>Elektromagnetische Felder<\/strong> (Strom), die mit Hilfe der Technik erzeugt werden, <strong>sind nicht auf die Natur abgestimmt<\/strong>.<\/p>\n<p>Sie erzeugen Streufelder, die f\u00fcr den Menschen, f\u00fcr Tiere und f\u00fcr Nahrungsmittel sch\u00e4dliche Frequenzen aussenden.<\/p>\n<p>Es ist heutzutage nicht mehr m\u00f6glich, ohne elektromagnetische Felder zu leben \u2013 im Gegenteil, ihre Zahl wird noch zunehmen. In den letzten 30 Jahren hat die Frequenz dieser Felder (Hertzfrequenz) um 500 Millionen Mal zugenommen.<\/p>\n<p>Von 50 Herz in den 1980er Jahren bis zu 2,5 Milliarden Herz (Welle pro Sekunde). Und diese Zunahme verst\u00e4rkt sich unaufhaltsam.<\/p>\n<h2>Die Produkte<\/h2>\n<div>\n<ul>\n<li><a href=\"https:\/\/www.best-harmony-life.com\/de\/aveni\/\"><strong>AVENI -&gt; Elektrosmogschutz<\/strong><\/a> der neuen Generation (sehr wirksam, f\u00fcr hypersensible\/elektrosensible Personen)<\/li>\n<\/ul>\n<\/div>\n<ul>\n<li><a href=\"https:\/\/www.best-harmony-life.com\/de\/tervica\/\"><strong>Tervica\u00a0-&gt; Electrosmog-Abschirmungen<\/strong><\/a> (erste Generation von Elektrosmog-Schutz)<\/li>\n<\/ul>    <\/div>\n<\/div>\n<!-- \/module text --><!-- module buttons -->\n<div  class=\"module module-buttons tb_j12f38 buttons-horizontal solid \" data-lazy=\"1\">\n        <div class=\"module-buttons-item tf_in_flx\">\n                        <a href=\"https:\/\/www.best-harmony-life.com\/de\/kontakt\/\" class=\"ui builder_button tf_in_flx brown\" target=\"_blank\" rel=\"noopener\">\n                                                Ich w\u00fcnsche ein Angebot f\u00fcr eine Geobiologie meines Wohnortes                                        <\/a>\n                <\/div>\n            <\/div>\n<!-- \/module buttons -->\n        <\/div>\n                        <\/div>\n        <\/div>\n        <\/div>\n<!--\/themify_builder_content-->","protected":false},"excerpt":{"rendered":"<p>Was ist Geobiologie? Geobiologie (Geo-Bio-Logie) Die Bezeichnung stammt aus dem Griechischen: \u00abgeos\u00bb = Erde, \u00abbios\u00bb = Leben und \u00ablogos\u00bb = Wort, Wissenschaft. Die Geobiologie befasst sich damit, energetische Interaktionen zwischen den Lebewesen und ihrem Umfeld zu begreifen. Die Harmonisierung Wohnraum-Bewohner hat im Wassermannzeitalter grosse Bedeutung erlangt: Erstrebt wird ein ausgeglichenes Leben mit gesteigertem k\u00f6rperlichen, emotionalen [&hellip;]<\/p>\n","protected":false},"author":1,"featured_media":0,"parent":0,"menu_order":0,"comment_status":"closed","ping_status":"closed","template":"","meta":{"footnotes":""},"class_list":["post-29612","page","type-page","status-publish","hentry","has-post-title","has-post-date","has-post-category","has-post-tag","has-post-comment","has-post-author",""],"builder_content":"<h1>Geobiologie<br\/>Harmonisierung Wohnraum-Bewohner<\/h1>\n<h2>\"Das oberste Ziel des Hauses ist das Wohlergehen derer, die darin leben.\"<br\/>Alberto Eiguer<\/h2>\n<h2><b><img loading=\"lazy\" decoding=\"async\" src=\"https:\/\/www4.best-harmony-life.com\/wp-content\/uploads\/2022\/11\/geobiologie-150x150-1.png\" alt=\"\" width=\"150\" height=\"150\" srcset=\"https:\/\/www.best-harmony-life.com\/wp-content\/uploads\/2022\/11\/geobiologie-150x150-1.png 150w, https:\/\/www.best-harmony-life.com\/wp-content\/uploads\/2022\/11\/geobiologie-150x150-1-100x100.png 100w\" sizes=\"auto, (max-width: 150px) 100vw, 150px\" \/>Was ist Geobiologie?<\/b><\/h2> <p><strong>Geobiologie (Geo-Bio-Logie)<\/strong><\/p> <p>Die Bezeichnung stammt aus dem Griechischen: \u00abgeos\u00bb = Erde, \u00abbios\u00bb = Leben und \u00ablogos\u00bb = Wort, Wissenschaft. Die Geobiologie befasst sich damit, energetische Interaktionen zwischen den Lebewesen und ihrem Umfeld zu begreifen.<\/p> <p>Die <strong>Harmonisierung Wohnraum-Bewohner<\/strong> hat im Wassermannzeitalter grosse Bedeutung erlangt: Erstrebt wird ein ausgeglichenes Leben mit gesteigertem k\u00f6rperlichen, emotionalen und mentalen Wohlbefinden.<\/p> <p>Wieviel einfacher ist es doch, in einem harmonischen Umfeld zu leben, in dem man sich wohl f\u00fchlt!<\/p> <p>Die Geobiologie beinhaltet das Erforschen eines Ortes nach physischen Kriterien (Bodenbeschaffenheit und -zustand), tellurische Netze, und nach metaphysischen Kriterien (dazu z\u00e4hlen alle nicht sicht- oder erfassbare Ph\u00e4nomene, die nur durch Empfindung nachgewiesen werden k\u00f6nnen). Sie beruht auf dem Wohlbefinden der Bewohnerinnen und Bewohner eines Ortes. In unserer Praxis ist die Verbindung Umfeld-Bewohner absolut grundlegend.<\/p> <p>Intuitives und rationales Aufsp\u00fcren von unsichtbaren, verborgenen Auswirkungen des Umfelds auf die Lebewesen (z.B. Wasserstr\u00f6me, tellurische Netze, W\u00e4nde- und Objektged\u00e4chtnis, Spalten, elektromagnetische Wellen, Hilfs- oder St\u00f6rgeister), mit dem Zweck, sie zu harmonisieren und die Qualit\u00e4t eines Wohn- oder Arbeitsraumes zu verbessern.<\/p> <p>Die Geobiologie entstand anfangs des 20. Jahrhunderts infolge von Studien, die zahlreiche Wissenschaftler zu den oben genannten Ph\u00e4nomenen durchgef\u00fchrt hatten. Vom 15. bis zum 20. Jahrhundert liesse sich solche Forschung auch mit der Radi\u00e4sthesie vergleichen. Im Mittelalter (5. bis 15. Jahrhundert) z\u00e4hlten etwa \u00abHexerei\u00bb oder Alchimie dazu. In der Antike wurde diese Wissenschaft von den Druiden gepflegt.<\/p>\n<h2>Unsere Leistungen in Geobiologie<\/h2> <ul> <li><strong>Harmonisierung<\/strong> des Lebensraumes dank leistungsf\u00e4higen Werkzeugen<br>-&gt; <strong>Harmonisierung des Ortes\u2026\u2028<\/strong><\/li> <li>Neutralisierung der <strong>tellurischen Effekte<\/strong>, um das Wohlbefinden im Lebensraum zu steigern<br><a href=\"https:\/\/www.best-harmony-life.com\/de\/geobiologie\/geobiologie-de-votre-habitat\/\">-&gt; <\/a><strong>tellurische<\/strong><strong> Effekte<\/strong><a href=\"https:\/\/www.best-harmony-life.com\/de\/geobiologie\/geobiologie-de-votre-habitat\/\"><strong>\u2026<\/strong><\/a><\/li> <li>Minderung von <strong>elektromagnetischen St\u00f6rungen<\/strong> und konkrete L\u00f6sungen, um sich besser davon abzuschirmen<br>-&gt; <strong>elektromagnetische St\u00f6rungen\u2026<\/strong><\/li> <\/ul>\n\n<h2><b><img loading=\"lazy\" decoding=\"async\" src=\"https:\/\/www4.best-harmony-life.com\/wp-content\/uploads\/2022\/11\/geobiologie-1-150x150-1.png\" alt=\"\" width=\"150\" height=\"150\" srcset=\"https:\/\/www.best-harmony-life.com\/wp-content\/uploads\/2022\/11\/geobiologie-1-150x150-1.png 150w, https:\/\/www.best-harmony-life.com\/wp-content\/uploads\/2022\/11\/geobiologie-1-150x150-1-100x100.png 100w\" sizes=\"auto, (max-width: 150px) 100vw, 150px\" \/>Geobiologie in Ihrem Wohnraum<\/b><\/h2> <p>Die harmonische Wechselwirkung Wohnraum- Bewohner hat im Wassermannzeitalter grosse Bedeutung erlangt: Erstrebt wird ein ausgeglichenes Leben mit gesteigertem k\u00f6rperlichen, emotionalen und mentalen Wohlbefinden.<\/p> <p>Wieviel einfacher ist es doch, in einem harmonischen Umfeld zu leben, in dem man sich wohl f\u00fchlt!<\/p> <h3>Unsere Dienstleistungen<\/h3> <ul> <li><strong>Kl\u00e4rung \/ Reinigung<\/strong> eines Ortes vor dem Einziehen, um allf\u00e4llige St\u00f6rzonen der vormaligen Bewohner zu erkennen und zu neutralisieren.<\/li> <li><strong>Harmonisierung<\/strong> des Lebensraumes dank leistungsf\u00e4higen Werkzeugen<\/li> <li><strong>Neutralisierung der tellurischen Effekte<\/strong>, um das Wohlbefinden im Lebensraum zusteigern<\/li> <li><strong>Reduzierung elektromagnetischer St\u00f6rungen<\/strong> und konkrete L\u00f6sungen, um sichbesser davon abzuschirmen<\/li> <li><strong>Schutz gegen Reizwellen<\/strong> (Mobiltelefone, Computer usw\u2026)<b><br><\/b><\/li> <\/ul>\n\n<h2>Geobiologische Abschirmung<\/h2> <h2><a href=\"https:\/\/aveni.shop\/de\/\" target=\"_blank\" rel=\"noopener\"><img loading=\"lazy\" decoding=\"async\" src=\"https:\/\/www.best-harmony-life.com\/wp-content\/uploads\/2023\/02\/AVENI.SHOP_-300x143.png\" alt=\"\" width=\"300\" height=\"143\" srcset=\"https:\/\/www.best-harmony-life.com\/wp-content\/uploads\/2023\/02\/AVENI.SHOP_-300x143.png 300w, https:\/\/www.best-harmony-life.com\/wp-content\/uploads\/2023\/02\/AVENI.SHOP_-768x367.png 768w, https:\/\/www.best-harmony-life.com\/wp-content\/uploads\/2023\/02\/AVENI.SHOP_-600x286.png 600w, https:\/\/www.best-harmony-life.com\/wp-content\/uploads\/2023\/02\/AVENI.SHOP_.png 1022w\" sizes=\"auto, (max-width: 300px) 100vw, 300px\" \/><\/a><br><a href=\"https:\/\/www.best-harmony-life.com\/de\/tervica\/\" target=\"_blank\" rel=\"noopener\"><img loading=\"lazy\" decoding=\"async\" src=\"https:\/\/www.best-harmony-life.com\/wp-content\/uploads\/2023\/02\/AVENI.SHOP_-300x143.png\" alt=\"\" width=\"300\" height=\"143\" srcset=\"https:\/\/www.best-harmony-life.com\/wp-content\/uploads\/2023\/02\/AVENI.SHOP_-300x143.png 300w, https:\/\/www.best-harmony-life.com\/wp-content\/uploads\/2023\/02\/AVENI.SHOP_-768x367.png 768w, https:\/\/www.best-harmony-life.com\/wp-content\/uploads\/2023\/02\/AVENI.SHOP_-600x286.png 600w, https:\/\/www.best-harmony-life.com\/wp-content\/uploads\/2023\/02\/AVENI.SHOP_.png 1022w\" sizes=\"auto, (max-width: 300px) 100vw, 300px\" \/><\/a><\/h2> <p><strong>Materie ist stets mit Vibration verbunden.<\/strong><\/p> <p>Alle Lebewesen, alle Pflanzen und auch unser K\u00f6rper sind in der Natur stets mannigfaltigen Vibrationen ausgesetzt. Dies geht vom Erdmagnetfeld bis zu elektrischen und magnetischen Frequenzen.<\/p> <p>Die <strong>Bio-Resonanz<\/strong> ist das Mittel, mit dem <strong>unser K\u00f6rper mit unserem Umfeld via die Vibration unserer Zellen kommuniziert<\/strong>. <strong>Je harmonischer die Resonanz ist, je vitaler reagiert und entwickelt sich unser K\u00f6rper<\/strong>.<\/p> <p><strong>Elektromagnetische Felder<\/strong> (Strom), die mit Hilfe der Technik erzeugt werden, <strong>sind nicht auf die Natur abgestimmt<\/strong>.<\/p> <p>Sie erzeugen Streufelder, die f\u00fcr den Menschen, f\u00fcr Tiere und f\u00fcr Nahrungsmittel sch\u00e4dliche Frequenzen aussenden.<\/p> <p>Es ist heutzutage nicht mehr m\u00f6glich, ohne elektromagnetische Felder zu leben \u2013 im Gegenteil, ihre Zahl wird noch zunehmen. In den letzten 30 Jahren hat die Frequenz dieser Felder (Hertzfrequenz) um 500 Millionen Mal zugenommen.<\/p> <p>Von 50 Herz in den 1980er Jahren bis zu 2,5 Milliarden Herz (Welle pro Sekunde). Und diese Zunahme verst\u00e4rkt sich unaufhaltsam.<\/p> <h2>Die Produkte<\/h2>\n<ul> <li><a href=\"https:\/\/www.best-harmony-life.com\/de\/aveni\/\"><strong>AVENI -&gt; Elektrosmogschutz<\/strong><\/a> der neuen Generation (sehr wirksam, f\u00fcr hypersensible\/elektrosensible Personen)<\/li> <\/ul>\n<ul> <li><a href=\"https:\/\/www.best-harmony-life.com\/de\/tervica\/\"><strong>Tervica\u00a0-&gt; Electrosmog-Abschirmungen<\/strong><\/a> (erste Generation von Elektrosmog-Schutz)<\/li> <\/ul>\n<a href=\"https:\/\/www.best-harmony-life.com\/de\/kontakt\/\" target=\"_blank\" rel=\"noopener\"> Ich w\u00fcnsche ein Angebot f\u00fcr eine Geobiologie meines Wohnortes <\/a>","_links":{"self":[{"href":"https:\/\/www.best-harmony-life.com\/de\/wp-json\/wp\/v2\/pages\/29612","targetHints":{"allow":["GET"]}}],"collection":[{"href":"https:\/\/www.best-harmony-life.com\/de\/wp-json\/wp\/v2\/pages"}],"about":[{"href":"https:\/\/www.best-harmony-life.com\/de\/wp-json\/wp\/v2\/types\/page"}],"author":[{"embeddable":true,"href":"https:\/\/www.best-harmony-life.com\/de\/wp-json\/wp\/v2\/users\/1"}],"replies":[{"embeddable":true,"href":"https:\/\/www.best-harmony-life.com\/de\/wp-json\/wp\/v2\/comments?post=29612"}],"version-history":[{"count":12,"href":"https:\/\/www.best-harmony-life.com\/de\/wp-json\/wp\/v2\/pages\/29612\/revisions"}],"predecessor-version":[{"id":33492,"href":"https:\/\/www.best-harmony-life.com\/de\/wp-json\/wp\/v2\/pages\/29612\/revisions\/33492"}],"wp:attachment":[{"href":"https:\/\/www.best-harmony-life.com\/de\/wp-json\/wp\/v2\/media?parent=29612"}],"curies":[{"name":"wp","href":"https:\/\/api.w.org\/{rel}","templated":true}]}}