{"id":29620,"date":"2022-11-25T15:11:06","date_gmt":"2022-11-25T14:11:06","guid":{"rendered":"https:\/\/www4.best-harmony-life.com\/numerologie\/"},"modified":"2023-12-20T17:14:40","modified_gmt":"2023-12-20T16:14:40","slug":"numerologie","status":"publish","type":"page","link":"https:\/\/www.best-harmony-life.com\/de\/numerologie\/","title":{"rendered":"Numerologie \u2013 f\u00fcr die Ziele Ihres Lebens"},"content":{"rendered":"<!--themify_builder_content-->\n<div id=\"themify_builder_content-29620\" data-postid=\"29620\" class=\"themify_builder_content themify_builder_content-29620 themify_builder tf_clear\">\n                    <div  data-lazy=\"1\" class=\"module_row themify_builder_row tb_reai348 tb_first tf_w\">\n                        <div class=\"row_inner col_align_top tb_col_count_1 tf_box tf_rel\">\n                        <div  data-lazy=\"1\" class=\"module_column tb-column col-full tb_3n8b350 first\">\n                    <!-- module fancy heading -->\n<div  class=\"module module-fancy-heading tb_b84o350  tb_gs29013622\" data-lazy=\"1\">\n        <h1 class=\"fancy-heading tf_textc\">\n    <span class=\"main-head tf_block\">\n                    Numerologie            <\/span>\n\n    \n    <span class=\"sub-head tf_block tf_rel\">\n                    F\u00fcr die Ziele Ihres Lebens            <\/span>\n    <\/h1>\n<\/div>\n<!-- \/module fancy heading -->\n        <\/div>\n                        <\/div>\n        <\/div>\n                        <div  data-lazy=\"1\" class=\"module_row themify_builder_row tb_gs29023622 tb_0dzd348 tf_w\">\n                        <div class=\"row_inner col_align_top tb_col_count_1 tf_box tf_rel\">\n                        <div  data-lazy=\"1\" class=\"module_column tb-column col-full tb_fm6j353 first\">\n                    <!-- module text -->\n<div  class=\"module module-text tb_veuq353 checklist  \" data-lazy=\"1\">\n        <div  class=\"tb_text_wrap\">\n        <h2><b><img loading=\"lazy\" decoding=\"async\" class=\"alignright size-full wp-image-29136\" src=\"https:\/\/www4.best-harmony-life.com\/wp-content\/uploads\/2022\/11\/unnamed-150x150-1.png\" alt=\"\" width=\"150\" height=\"150\" srcset=\"https:\/\/www.best-harmony-life.com\/wp-content\/uploads\/2022\/11\/unnamed-150x150-1.png 150w, https:\/\/www.best-harmony-life.com\/wp-content\/uploads\/2022\/11\/unnamed-150x150-1-100x100.png 100w, https:\/\/www.best-harmony-life.com\/wp-content\/uploads\/2022\/11\/unnamed-150x150-1-600x600.png 600w\" sizes=\"auto, (max-width: 150px) 100vw, 150px\" title=\"\">Numerologie: Was ist das?<\/b><\/h2>\n<p>Bei der Reinkarnation sind die Ziele, die wir uns vor der R\u00fcckkehr auf die Erde gesteckt haben, vergessen gegangen. Deswegen ist es n\u00fctzlich, sich auf dem neuen Lebensweg anleiten zu lassen.<\/p>\n<p>Daf\u00fcr eigenen sich Methoden wie die Numerologie (Zahlensymbolik), Pentanalogie, die Kristallberechnung usw., die uns die vergessenen Erkenntnisse zur\u00fcckbringen helfen.<\/p>\n<h2>Orientierung &amp; Lebensprojekt<\/h2>\n<ul>\n<li><a href=\"https:\/\/www.best-harmony-life.com\/de\/numerologie\/theme-de-numerologie\/\"><strong>Numerologische<\/strong><\/a> Elemente, die auf Ihrem Namen, Vornamen und Geburtsdatum beruhen, zeigen Ihnen die Etappen und Herausforderungen Ihres Lebens an sowie die besten Daten, an denen sich wichtige Entscheidungen f\u00fcr Ihre Zukunft treffen sollten<\/li>\n<\/ul>\n<h2>Numerologie-Bericht<\/h2>\n<p>Numerologie (Zahlensymbolik) ist sehr lehrreich. Sie liefert pr\u00e4zise Hinweise dar\u00fcber, wie eine Person ist, wie sie sich mit anderen Menschen verh\u00e4lt und wie sie auf Ereignisse reagiert. Die Berechnungen, die zu einem Numerologie-Portr\u00e4t f\u00fchren, sind \u00e4usserst komplex.<\/p>\n<p>Diese Berechnungen sind sowohl f\u00fcr interessierte Laien als auch f\u00fcr <strong>Fachleute der Numerologie<\/strong> geeignet.<\/p>\n<p>Um Ihnen die Aufgabe zu erleichtern, stellen wir Ihnen folgende Dokumente zur Verf\u00fcgung:<\/p>\n<ul>\n<li>der <strong>Bericht einer Person<\/strong><\/li>\n<li>die <strong>Ausflugstabelle<\/strong><\/li>\n<li>das <strong>Pers\u00f6nliche Jahr<\/strong><\/li>\n<li>den <strong>Pers\u00f6nlichen Tag<\/strong><\/li>\n<li>die <strong>zwei Vergleichsberechner<\/strong><\/li>\n<li>die <strong>Pythagoras-Berechnung<\/strong><\/li>\n<li><strong>Der Lebensdreieck<\/strong>, eine Neuheit<\/li>\n<\/ul>\n<p>Dank diesem Dokument <strong>ersparen Sie sich langwierige Berechnungen und viele Arbeitsstunden<\/strong>. Das Resultat ist sofort umsetzbar.<\/p>\n<p>Daf\u00fcr ben\u00f6tigen wir Ihre Personalien (Vorname, Name, Geburtsdatum und das f\u00fcr das Pers\u00f6nliche Jahr gew\u00fcnschte Berechnungsjahr).<\/p>\n<p>Gerne liefern wir Ihnen diese Informationen im PDF-Format, damit Sie noch Weiteres zu Ihrer Pers\u00f6nlichkeit entdecken k\u00f6nnen.<\/p>\n<p>Wir machen Sie darauf aufmerksam, dass es sich um die Berechnungen vom Thema <strong>und nicht um eine numerologische Studie\/Analyse<\/strong> handelt.<\/p>    <\/div>\n<\/div>\n<!-- \/module text --><!-- module buttons -->\n<div  class=\"module module-buttons tb_cwwn675 buttons-horizontal solid  large tb_gs29102638\" data-lazy=\"1\">\n        <div class=\"module-buttons-item tf_in_flx\">\n                        <a href=\"https:\/\/www.best-harmony-life.com\/de\/produkt\/berechnungen-numerologie-diagramms\/\" class=\"ui builder_button tf_in_flx brown\" >\n                                                Bestellen Sie die Berechnungen des Numerologiediagramms mit mehreren Informationen                                        <\/a>\n                <\/div>\n            <\/div>\n<!-- \/module buttons -->\n<!-- module text -->\n<div  class=\"module module-text tb_8lqq293   \" data-lazy=\"1\">\n        <div  class=\"tb_text_wrap\">\n        <h2>Beispiel einer Berechnung<\/h2>\n<p>\u00a0<\/p>    <\/div>\n<\/div>\n<!-- \/module text --><!-- module image -->\n<div  class=\"module module-image tb_pzdi674 image-center drop-shadow  tf_mw\" data-lazy=\"1\">\n        <div class=\"image-wrap tf_rel tf_mw\">\n            <a href=\"https:\/\/www.best-harmony-life.com\/de\/produkt\/berechnungen-numerologie-diagramms\/\">\n                   <img loading=\"lazy\" decoding=\"async\" width=\"2150\" height=\"1514\" src=\"https:\/\/www.best-harmony-life.com\/wp-content\/uploads\/2022\/11\/numerologie-ap.png\" class=\"wp-post-image wp-image-29141\" title=\"numerologie-ap\" alt=\"Num\u00e9rologie - Retrouver les buts \u00e0 r\u00e9aliser dans cette vie - best-harmony-life.com\" srcset=\"https:\/\/www.best-harmony-life.com\/wp-content\/uploads\/2022\/11\/numerologie-ap.png 2150w, https:\/\/www.best-harmony-life.com\/wp-content\/uploads\/2022\/11\/numerologie-ap-300x211.png 300w, https:\/\/www.best-harmony-life.com\/wp-content\/uploads\/2022\/11\/numerologie-ap-1024x721.png 1024w, https:\/\/www.best-harmony-life.com\/wp-content\/uploads\/2022\/11\/numerologie-ap-768x541.png 768w, https:\/\/www.best-harmony-life.com\/wp-content\/uploads\/2022\/11\/numerologie-ap-1536x1082.png 1536w, https:\/\/www.best-harmony-life.com\/wp-content\/uploads\/2022\/11\/numerologie-ap-2048x1442.png 2048w, https:\/\/www.best-harmony-life.com\/wp-content\/uploads\/2022\/11\/numerologie-ap-600x423.png 600w\" sizes=\"auto, (max-width: 2150px) 100vw, 2150px\" \/>        <\/a>\n    \n        <\/div>\n    <!-- \/image-wrap -->\n    \n        <\/div>\n<!-- \/module image --><!-- module image -->\n<div  class=\"module module-image tb_xiuf193 image-center drop-shadow  tf_mw\" data-lazy=\"1\">\n        <div class=\"image-wrap tf_rel tf_mw\">\n            <a href=\"https:\/\/www.best-harmony-life.com\/de\/produkt\/berechnungen-numerologie-diagramms\/\">\n                   <img loading=\"lazy\" decoding=\"async\" width=\"2560\" height=\"1809\" src=\"https:\/\/www.best-harmony-life.com\/wp-content\/uploads\/2022\/11\/numerologie-theme-scaled-1.jpg\" class=\"wp-post-image wp-image-29144\" title=\"numerologie-theme-scaled\" alt=\"Num\u00e9rologie - Retrouver les buts \u00e0 r\u00e9aliser dans cette vie - best-harmony-life.com\" srcset=\"https:\/\/www.best-harmony-life.com\/wp-content\/uploads\/2022\/11\/numerologie-theme-scaled-1.jpg 2560w, https:\/\/www.best-harmony-life.com\/wp-content\/uploads\/2022\/11\/numerologie-theme-scaled-1-300x212.jpg 300w, https:\/\/www.best-harmony-life.com\/wp-content\/uploads\/2022\/11\/numerologie-theme-scaled-1-1024x724.jpg 1024w, https:\/\/www.best-harmony-life.com\/wp-content\/uploads\/2022\/11\/numerologie-theme-scaled-1-768x543.jpg 768w, https:\/\/www.best-harmony-life.com\/wp-content\/uploads\/2022\/11\/numerologie-theme-scaled-1-1536x1085.jpg 1536w, https:\/\/www.best-harmony-life.com\/wp-content\/uploads\/2022\/11\/numerologie-theme-scaled-1-2048x1447.jpg 2048w, https:\/\/www.best-harmony-life.com\/wp-content\/uploads\/2022\/11\/numerologie-theme-scaled-1-600x424.jpg 600w\" sizes=\"auto, (max-width: 2560px) 100vw, 2560px\" \/>        <\/a>\n    \n        <\/div>\n    <!-- \/image-wrap -->\n    \n        <\/div>\n<!-- \/module image --><!-- module buttons -->\n<div  class=\"module module-buttons tb_mwqp543 buttons-horizontal solid  large tb_gs29102638\" data-lazy=\"1\">\n        <div class=\"module-buttons-item tf_in_flx\">\n                        <a href=\"https:\/\/www.best-harmony-life.com\/de\/produkt\/berechnungen-numerologie-diagramms\/\" class=\"ui builder_button tf_in_flx brown\" >\n                                                Bestellen Sie die Berechnungen des Numerologiediagramms mit mehreren Informationen                                        <\/a>\n                <\/div>\n            <\/div>\n<!-- \/module buttons -->\n        <\/div>\n                        <\/div>\n        <\/div>\n        <\/div>\n<!--\/themify_builder_content-->","protected":false},"excerpt":{"rendered":"<p>Numerologie: Was ist das? Bei der Reinkarnation sind die Ziele, die wir uns vor der R\u00fcckkehr auf die Erde gesteckt haben, vergessen gegangen. Deswegen ist es n\u00fctzlich, sich auf dem neuen Lebensweg anleiten zu lassen. Daf\u00fcr eigenen sich Methoden wie die Numerologie (Zahlensymbolik), Pentanalogie, die Kristallberechnung usw., die uns die vergessenen Erkenntnisse zur\u00fcckbringen helfen. Orientierung [&hellip;]<\/p>\n","protected":false},"author":1,"featured_media":0,"parent":0,"menu_order":0,"comment_status":"closed","ping_status":"closed","template":"","meta":{"footnotes":""},"class_list":["post-29620","page","type-page","status-publish","hentry","has-post-title","has-post-date","has-post-category","has-post-tag","has-post-comment","has-post-author",""],"builder_content":"<h1>Numerologie<br\/>F\u00fcr die Ziele Ihres Lebens<\/h1>\n<h2><b><img loading=\"lazy\" decoding=\"async\" src=\"https:\/\/www4.best-harmony-life.com\/wp-content\/uploads\/2022\/11\/unnamed-150x150-1.png\" alt=\"\" width=\"150\" height=\"150\" srcset=\"https:\/\/www.best-harmony-life.com\/wp-content\/uploads\/2022\/11\/unnamed-150x150-1.png 150w, https:\/\/www.best-harmony-life.com\/wp-content\/uploads\/2022\/11\/unnamed-150x150-1-100x100.png 100w, https:\/\/www.best-harmony-life.com\/wp-content\/uploads\/2022\/11\/unnamed-150x150-1-600x600.png 600w\" sizes=\"auto, (max-width: 150px) 100vw, 150px\" \/>Numerologie: Was ist das?<\/b><\/h2> <p>Bei der Reinkarnation sind die Ziele, die wir uns vor der R\u00fcckkehr auf die Erde gesteckt haben, vergessen gegangen. Deswegen ist es n\u00fctzlich, sich auf dem neuen Lebensweg anleiten zu lassen.<\/p> <p>Daf\u00fcr eigenen sich Methoden wie die Numerologie (Zahlensymbolik), Pentanalogie, die Kristallberechnung usw., die uns die vergessenen Erkenntnisse zur\u00fcckbringen helfen.<\/p> <h2>Orientierung &amp; Lebensprojekt<\/h2> <ul> <li><a href=\"https:\/\/www.best-harmony-life.com\/de\/numerologie\/theme-de-numerologie\/\"><strong>Numerologische<\/strong><\/a> Elemente, die auf Ihrem Namen, Vornamen und Geburtsdatum beruhen, zeigen Ihnen die Etappen und Herausforderungen Ihres Lebens an sowie die besten Daten, an denen sich wichtige Entscheidungen f\u00fcr Ihre Zukunft treffen sollten<\/li> <\/ul> <h2>Numerologie-Bericht<\/h2> <p>Numerologie (Zahlensymbolik) ist sehr lehrreich. Sie liefert pr\u00e4zise Hinweise dar\u00fcber, wie eine Person ist, wie sie sich mit anderen Menschen verh\u00e4lt und wie sie auf Ereignisse reagiert. Die Berechnungen, die zu einem Numerologie-Portr\u00e4t f\u00fchren, sind \u00e4usserst komplex.<\/p> <p>Diese Berechnungen sind sowohl f\u00fcr interessierte Laien als auch f\u00fcr <strong>Fachleute der Numerologie<\/strong> geeignet.<\/p> <p>Um Ihnen die Aufgabe zu erleichtern, stellen wir Ihnen folgende Dokumente zur Verf\u00fcgung:<\/p> <ul> <li>der <strong>Bericht einer Person<\/strong><\/li> <li>die <strong>Ausflugstabelle<\/strong><\/li> <li>das <strong>Pers\u00f6nliche Jahr<\/strong><\/li> <li>den <strong>Pers\u00f6nlichen Tag<\/strong><\/li> <li>die <strong>zwei Vergleichsberechner<\/strong><\/li> <li>die <strong>Pythagoras-Berechnung<\/strong><\/li> <li><strong>Der Lebensdreieck<\/strong>, eine Neuheit<\/li> <\/ul> <p>Dank diesem Dokument <strong>ersparen Sie sich langwierige Berechnungen und viele Arbeitsstunden<\/strong>. Das Resultat ist sofort umsetzbar.<\/p> <p>Daf\u00fcr ben\u00f6tigen wir Ihre Personalien (Vorname, Name, Geburtsdatum und das f\u00fcr das Pers\u00f6nliche Jahr gew\u00fcnschte Berechnungsjahr).<\/p> <p>Gerne liefern wir Ihnen diese Informationen im PDF-Format, damit Sie noch Weiteres zu Ihrer Pers\u00f6nlichkeit entdecken k\u00f6nnen.<\/p> <p>Wir machen Sie darauf aufmerksam, dass es sich um die Berechnungen vom Thema <strong>und nicht um eine numerologische Studie\/Analyse<\/strong> handelt.<\/p>\n<a href=\"https:\/\/www.best-harmony-life.com\/de\/produkt\/berechnungen-numerologie-diagramms\/\" > Bestellen Sie die Berechnungen des Numerologiediagramms mit mehreren Informationen <\/a>\n<h2>Beispiel einer Berechnung<\/h2> <p>\u00a0<\/p>\n<a href=\"https:\/\/www.best-harmony-life.com\/de\/produkt\/berechnungen-numerologie-diagramms\/\"> <img src=\"https:\/\/www.best-harmony-life.com\/wp-content\/uploads\/2022\/11\/numerologie-ap.png\" title=\"numerologie-ap\" alt=\"Num\u00e9rologie - Retrouver les buts \u00e0 r\u00e9aliser dans cette vie - best-harmony-life.com\" srcset=\"https:\/\/www.best-harmony-life.com\/wp-content\/uploads\/2022\/11\/numerologie-ap.png 2150w, https:\/\/www.best-harmony-life.com\/wp-content\/uploads\/2022\/11\/numerologie-ap-300x211.png 300w, https:\/\/www.best-harmony-life.com\/wp-content\/uploads\/2022\/11\/numerologie-ap-1024x721.png 1024w, https:\/\/www.best-harmony-life.com\/wp-content\/uploads\/2022\/11\/numerologie-ap-768x541.png 768w, https:\/\/www.best-harmony-life.com\/wp-content\/uploads\/2022\/11\/numerologie-ap-1536x1082.png 1536w, https:\/\/www.best-harmony-life.com\/wp-content\/uploads\/2022\/11\/numerologie-ap-2048x1442.png 2048w, https:\/\/www.best-harmony-life.com\/wp-content\/uploads\/2022\/11\/numerologie-ap-600x423.png 600w\" sizes=\"(max-width: 2150px) 100vw, 2150px\" \/> <\/a>\n<a href=\"https:\/\/www.best-harmony-life.com\/de\/produkt\/berechnungen-numerologie-diagramms\/\"> <img src=\"https:\/\/www.best-harmony-life.com\/wp-content\/uploads\/2022\/11\/numerologie-theme-scaled-1.jpg\" title=\"numerologie-theme-scaled\" alt=\"Num\u00e9rologie - Retrouver les buts \u00e0 r\u00e9aliser dans cette vie - best-harmony-life.com\" srcset=\"https:\/\/www.best-harmony-life.com\/wp-content\/uploads\/2022\/11\/numerologie-theme-scaled-1.jpg 2560w, https:\/\/www.best-harmony-life.com\/wp-content\/uploads\/2022\/11\/numerologie-theme-scaled-1-300x212.jpg 300w, https:\/\/www.best-harmony-life.com\/wp-content\/uploads\/2022\/11\/numerologie-theme-scaled-1-1024x724.jpg 1024w, https:\/\/www.best-harmony-life.com\/wp-content\/uploads\/2022\/11\/numerologie-theme-scaled-1-768x543.jpg 768w, https:\/\/www.best-harmony-life.com\/wp-content\/uploads\/2022\/11\/numerologie-theme-scaled-1-1536x1085.jpg 1536w, https:\/\/www.best-harmony-life.com\/wp-content\/uploads\/2022\/11\/numerologie-theme-scaled-1-2048x1447.jpg 2048w, https:\/\/www.best-harmony-life.com\/wp-content\/uploads\/2022\/11\/numerologie-theme-scaled-1-600x424.jpg 600w\" sizes=\"(max-width: 2560px) 100vw, 2560px\" \/> <\/a>\n<a href=\"https:\/\/www.best-harmony-life.com\/de\/produkt\/berechnungen-numerologie-diagramms\/\" > Bestellen Sie die Berechnungen des Numerologiediagramms mit mehreren Informationen <\/a>","_links":{"self":[{"href":"https:\/\/www.best-harmony-life.com\/de\/wp-json\/wp\/v2\/pages\/29620","targetHints":{"allow":["GET"]}}],"collection":[{"href":"https:\/\/www.best-harmony-life.com\/de\/wp-json\/wp\/v2\/pages"}],"about":[{"href":"https:\/\/www.best-harmony-life.com\/de\/wp-json\/wp\/v2\/types\/page"}],"author":[{"embeddable":true,"href":"https:\/\/www.best-harmony-life.com\/de\/wp-json\/wp\/v2\/users\/1"}],"replies":[{"embeddable":true,"href":"https:\/\/www.best-harmony-life.com\/de\/wp-json\/wp\/v2\/comments?post=29620"}],"version-history":[{"count":14,"href":"https:\/\/www.best-harmony-life.com\/de\/wp-json\/wp\/v2\/pages\/29620\/revisions"}],"predecessor-version":[{"id":33489,"href":"https:\/\/www.best-harmony-life.com\/de\/wp-json\/wp\/v2\/pages\/29620\/revisions\/33489"}],"wp:attachment":[{"href":"https:\/\/www.best-harmony-life.com\/de\/wp-json\/wp\/v2\/media?parent=29620"}],"curies":[{"name":"wp","href":"https:\/\/api.w.org\/{rel}","templated":true}]}}