{"id":29625,"date":"2022-11-25T15:43:00","date_gmt":"2022-11-25T14:43:00","guid":{"rendered":"https:\/\/www4.best-harmony-life.com\/pentanalogie\/"},"modified":"2023-12-20T16:09:52","modified_gmt":"2023-12-20T15:09:52","slug":"pentanalogie","status":"publish","type":"page","link":"https:\/\/www.best-harmony-life.com\/de\/pentanalogie\/","title":{"rendered":"Pentanalogie \u2013 Um sich besser zu kennen"},"content":{"rendered":"<!--themify_builder_content-->\n<div id=\"themify_builder_content-29625\" data-postid=\"29625\" class=\"themify_builder_content themify_builder_content-29625 themify_builder tf_clear\">\n                    <div  data-lazy=\"1\" class=\"module_row themify_builder_row tb_reai348 tb_first tf_w\">\n                        <div class=\"row_inner col_align_top tb_col_count_1 tf_box tf_rel\">\n                        <div  data-lazy=\"1\" class=\"module_column tb-column col-full tb_3n8b350 first\">\n                    <!-- module fancy heading -->\n<div  class=\"module module-fancy-heading tb_b84o350  tb_gs29013622\" data-lazy=\"1\">\n        <h1 class=\"fancy-heading tf_textc\">\n    <span class=\"main-head tf_block\">\n                    Pentanalogie            <\/span>\n\n    \n    <span class=\"sub-head tf_block tf_rel\">\n                    Um sich besser zu kennen            <\/span>\n    <\/h1>\n<\/div>\n<!-- \/module fancy heading -->\n        <\/div>\n                        <\/div>\n        <\/div>\n                        <div  data-lazy=\"1\" class=\"module_row themify_builder_row tb_gs29023622 tb_0dzd348 tf_w\">\n                        <div class=\"row_inner col_align_top tb_col_count_1 tf_box tf_rel\">\n                        <div  data-lazy=\"1\" class=\"module_column tb-column col-full tb_fm6j353 first\">\n                    <!-- module text -->\n<div  class=\"module module-text tb_veuq353 checklist  \" data-lazy=\"1\">\n        <div  class=\"tb_text_wrap\">\n        <h1>Pentanalogie-Bericht<\/h1>\n<p>Die Pentanalogie ist eine alt\u00fcberlieferte Weisheit, die zwischen neun Charakter-Archetypen unterscheidet. Es handelt sich um eine Anleitung zu spiritueller Erfahrung, die uns hilft, unsere Pers\u00f6nlichkeit besser zu verstehen.<\/p>\n<p><strong>Vom ersten Tag unserer Existenz an werden wir bereits durch unsere Umwelt gepr\u00e4gt. Es bestimmt unsere Werte, Regeln, Denkschemata und unseren Glauben mit.<\/strong> Gem\u00e4ss dem karmischen Codex, der in unserem pers\u00f6nlichen Pentagramm einschrieben ist, beeinflussen uns diese \u00e4usseren Energien auf verschiedene Weise.<\/p>\n<p>Solange wir f\u00fcr alles Negative, das uns zust\u00f6sst, Schuldige und L\u00f6sungen, die ausserhalb von uns liegen, suchen und dabei in einer <strong>Opferhaltung<\/strong> verharren, solange unsere Liebes-, Freiheits- und Friedenserfahrungen auf einem \u00e4usserlichen Konzept beruhen, <strong>verhindern wir jede M\u00f6glichkeit zur Ver\u00e4nderung<\/strong>.<\/p>\n<p>Das Pentagramm zeigt uns die Vielzahl von Fassetten, auf denen unsere Existenz aufgebaut ist, und zahlreiche <strong>M\u00f6glichkeiten zur Entwicklung, Heilung und Befreiung<\/strong>. Je besser wir begreifen, wie und warum wir agieren und reagieren, desto besser erkennen wir die Energien der Archetypen, die in uns schlummern, und desto leichter nehmen wir unser Schicksal selbst in die Hand.<\/p>\n<p>Dank einem Pentagramm l\u00e4sst sich rasch eine pr\u00e4zise Diagnose formulieren, die zahlreiche Aspekte eines Individuums betrifft. <strong>Ein Pentagramm erm\u00f6glicht es, sowohl das Potential eines Menschen zu bestimmen<\/strong>, aber unvermeidliche Hindernisse auf seinem Lebensweg. Es zeigt, mit welchen Mitteln die Hemmnisse aufgel\u00f6st werden k\u00f6nnen. Es erkl\u00e4rt uns, wo die wesentlichen Bed\u00fcrfnisse und die grundlegenden Werte liegen.<\/p>\n<p>Es handelt sich um die Diagnose unseres Dharma (des idealen Lebensplans, um unsere Mission auf Erden zu erf\u00fcllen) und unseres Karma (der Urspr\u00fcnge und Wurzeln der Hindernisse, die wir auf unserem Lebensweg \u00fcberwinden m\u00fcssen). Unser Verst\u00e4ndnis davon kann den Alchemisten in uns wecken und unsere Schw\u00e4chen und Blockierungen in Tugenden und St\u00e4rken umwandeln.<\/p>\n<p>Dank diesem Dokument <strong>ersparen Sie sich langwierige Berechnungen und viele Arbeitsstunden<\/strong>. Das Resultat ist sofort umsetzbar.<\/p>\n<p>Um Ihr Pentanologie-Thema zu schaffen, ben\u00f6tigen wir Ihre Personalien (Vorname, Name, Geburtsdatum).<\/p>\n<p>Gerne liefern wir Ihnen diese Informationen im PDF-Format, damit Sie noch Weiteres zu Ihrer Pers\u00f6nlichkeit erfahren k\u00f6nnen.<\/p>\n<h2>Bild der Pentanalogie<\/h2>    <\/div>\n<\/div>\n<!-- \/module text --><!-- module image -->\n<div  class=\"module module-image tb_xiuf193 image-center drop-shadow  tf_mw\" data-lazy=\"1\">\n        <div class=\"image-wrap tf_rel tf_mw\">\n            <a href=\"https:\/\/www.best-harmony-life.com\/en\/product\/theme-of-pentanalogy\/\">\n                   <img loading=\"lazy\" decoding=\"async\" width=\"834\" height=\"724\" src=\"https:\/\/www.best-harmony-life.com\/wp-content\/uploads\/2022\/11\/pentanalogie.png\" class=\"wp-post-image wp-image-29156\" title=\"pentanalogie\" alt=\"Pentanalogie - Retrouver les buts \u00e0 r\u00e9aliser dans cette vie - best-harmony-life.com\" srcset=\"https:\/\/www.best-harmony-life.com\/wp-content\/uploads\/2022\/11\/pentanalogie.png 834w, https:\/\/www.best-harmony-life.com\/wp-content\/uploads\/2022\/11\/pentanalogie-300x260.png 300w, https:\/\/www.best-harmony-life.com\/wp-content\/uploads\/2022\/11\/pentanalogie-768x667.png 768w, https:\/\/www.best-harmony-life.com\/wp-content\/uploads\/2022\/11\/pentanalogie-600x521.png 600w\" sizes=\"auto, (max-width: 834px) 100vw, 834px\" \/>        <\/a>\n    \n        <\/div>\n    <!-- \/image-wrap -->\n    \n        <\/div>\n<!-- \/module image --><!-- module buttons -->\n<div  class=\"module module-buttons tb_cwwn675 buttons-horizontal solid  large tb_gs29102638\" data-lazy=\"1\">\n        <div class=\"module-buttons-item tf_in_flx\">\n                        <a href=\"\/de\/produkt\/pentanalogie-bericht\/\" class=\"ui builder_button tf_in_flx brown\" target=\"_blank\" rel=\"noopener\">\n                                                Bestellen Sie ein Pentanalogie-Bericht                                        <\/a>\n                <\/div>\n            <\/div>\n<!-- \/module buttons -->\n        <\/div>\n                        <\/div>\n        <\/div>\n        <\/div>\n<!--\/themify_builder_content-->","protected":false},"excerpt":{"rendered":"<p>Pentanalogie-Bericht Die Pentanalogie ist eine alt\u00fcberlieferte Weisheit, die zwischen neun Charakter-Archetypen unterscheidet. Es handelt sich um eine Anleitung zu spiritueller Erfahrung, die uns hilft, unsere Pers\u00f6nlichkeit besser zu verstehen. Vom ersten Tag unserer Existenz an werden wir bereits durch unsere Umwelt gepr\u00e4gt. Es bestimmt unsere Werte, Regeln, Denkschemata und unseren Glauben mit. Gem\u00e4ss dem karmischen [&hellip;]<\/p>\n","protected":false},"author":1,"featured_media":0,"parent":0,"menu_order":0,"comment_status":"closed","ping_status":"closed","template":"","meta":{"footnotes":""},"class_list":["post-29625","page","type-page","status-publish","hentry","has-post-title","has-post-date","has-post-category","has-post-tag","has-post-comment","has-post-author",""],"builder_content":"<h1>Pentanalogie<br\/>Um sich besser zu kennen<\/h1>\n<h1>Pentanalogie-Bericht<\/h1> <p>Die Pentanalogie ist eine alt\u00fcberlieferte Weisheit, die zwischen neun Charakter-Archetypen unterscheidet. Es handelt sich um eine Anleitung zu spiritueller Erfahrung, die uns hilft, unsere Pers\u00f6nlichkeit besser zu verstehen.<\/p> <p><strong>Vom ersten Tag unserer Existenz an werden wir bereits durch unsere Umwelt gepr\u00e4gt. Es bestimmt unsere Werte, Regeln, Denkschemata und unseren Glauben mit.<\/strong> Gem\u00e4ss dem karmischen Codex, der in unserem pers\u00f6nlichen Pentagramm einschrieben ist, beeinflussen uns diese \u00e4usseren Energien auf verschiedene Weise.<\/p> <p>Solange wir f\u00fcr alles Negative, das uns zust\u00f6sst, Schuldige und L\u00f6sungen, die ausserhalb von uns liegen, suchen und dabei in einer <strong>Opferhaltung<\/strong> verharren, solange unsere Liebes-, Freiheits- und Friedenserfahrungen auf einem \u00e4usserlichen Konzept beruhen, <strong>verhindern wir jede M\u00f6glichkeit zur Ver\u00e4nderung<\/strong>.<\/p> <p>Das Pentagramm zeigt uns die Vielzahl von Fassetten, auf denen unsere Existenz aufgebaut ist, und zahlreiche <strong>M\u00f6glichkeiten zur Entwicklung, Heilung und Befreiung<\/strong>. Je besser wir begreifen, wie und warum wir agieren und reagieren, desto besser erkennen wir die Energien der Archetypen, die in uns schlummern, und desto leichter nehmen wir unser Schicksal selbst in die Hand.<\/p> <p>Dank einem Pentagramm l\u00e4sst sich rasch eine pr\u00e4zise Diagnose formulieren, die zahlreiche Aspekte eines Individuums betrifft. <strong>Ein Pentagramm erm\u00f6glicht es, sowohl das Potential eines Menschen zu bestimmen<\/strong>, aber unvermeidliche Hindernisse auf seinem Lebensweg. Es zeigt, mit welchen Mitteln die Hemmnisse aufgel\u00f6st werden k\u00f6nnen. Es erkl\u00e4rt uns, wo die wesentlichen Bed\u00fcrfnisse und die grundlegenden Werte liegen.<\/p> <p>Es handelt sich um die Diagnose unseres Dharma (des idealen Lebensplans, um unsere Mission auf Erden zu erf\u00fcllen) und unseres Karma (der Urspr\u00fcnge und Wurzeln der Hindernisse, die wir auf unserem Lebensweg \u00fcberwinden m\u00fcssen). Unser Verst\u00e4ndnis davon kann den Alchemisten in uns wecken und unsere Schw\u00e4chen und Blockierungen in Tugenden und St\u00e4rken umwandeln.<\/p> <p>Dank diesem Dokument <strong>ersparen Sie sich langwierige Berechnungen und viele Arbeitsstunden<\/strong>. Das Resultat ist sofort umsetzbar.<\/p> <p>Um Ihr Pentanologie-Thema zu schaffen, ben\u00f6tigen wir Ihre Personalien (Vorname, Name, Geburtsdatum).<\/p> <p>Gerne liefern wir Ihnen diese Informationen im PDF-Format, damit Sie noch Weiteres zu Ihrer Pers\u00f6nlichkeit erfahren k\u00f6nnen.<\/p> <h2>Bild der Pentanalogie<\/h2>\n<a href=\"https:\/\/www.best-harmony-life.com\/en\/product\/theme-of-pentanalogy\/\"> <img src=\"https:\/\/www.best-harmony-life.com\/wp-content\/uploads\/2022\/11\/pentanalogie.png\" title=\"pentanalogie\" alt=\"Pentanalogie - Retrouver les buts \u00e0 r\u00e9aliser dans cette vie - best-harmony-life.com\" srcset=\"https:\/\/www.best-harmony-life.com\/wp-content\/uploads\/2022\/11\/pentanalogie.png 834w, https:\/\/www.best-harmony-life.com\/wp-content\/uploads\/2022\/11\/pentanalogie-300x260.png 300w, https:\/\/www.best-harmony-life.com\/wp-content\/uploads\/2022\/11\/pentanalogie-768x667.png 768w, https:\/\/www.best-harmony-life.com\/wp-content\/uploads\/2022\/11\/pentanalogie-600x521.png 600w\" sizes=\"(max-width: 834px) 100vw, 834px\" \/> <\/a>\n<a href=\"\/de\/produkt\/pentanalogie-bericht\/\" target=\"_blank\" rel=\"noopener\"> Bestellen Sie ein Pentanalogie-Bericht <\/a>","_links":{"self":[{"href":"https:\/\/www.best-harmony-life.com\/de\/wp-json\/wp\/v2\/pages\/29625","targetHints":{"allow":["GET"]}}],"collection":[{"href":"https:\/\/www.best-harmony-life.com\/de\/wp-json\/wp\/v2\/pages"}],"about":[{"href":"https:\/\/www.best-harmony-life.com\/de\/wp-json\/wp\/v2\/types\/page"}],"author":[{"embeddable":true,"href":"https:\/\/www.best-harmony-life.com\/de\/wp-json\/wp\/v2\/users\/1"}],"replies":[{"embeddable":true,"href":"https:\/\/www.best-harmony-life.com\/de\/wp-json\/wp\/v2\/comments?post=29625"}],"version-history":[{"count":7,"href":"https:\/\/www.best-harmony-life.com\/de\/wp-json\/wp\/v2\/pages\/29625\/revisions"}],"predecessor-version":[{"id":33472,"href":"https:\/\/www.best-harmony-life.com\/de\/wp-json\/wp\/v2\/pages\/29625\/revisions\/33472"}],"wp:attachment":[{"href":"https:\/\/www.best-harmony-life.com\/de\/wp-json\/wp\/v2\/media?parent=29625"}],"curies":[{"name":"wp","href":"https:\/\/api.w.org\/{rel}","templated":true}]}}