{"id":29629,"date":"2022-11-25T15:47:27","date_gmt":"2022-11-25T14:47:27","guid":{"rendered":"https:\/\/www4.best-harmony-life.com\/theme-de-cristal\/"},"modified":"2023-12-14T15:29:27","modified_gmt":"2023-12-14T14:29:27","slug":"theme-de-cristal","status":"publish","type":"page","link":"https:\/\/www.best-harmony-life.com\/de\/theme-de-cristal\/","title":{"rendered":"Kristall \u2013 Um Spannungen in sich abbauen"},"content":{"rendered":"<!--themify_builder_content-->\n<div id=\"themify_builder_content-29629\" data-postid=\"29629\" class=\"themify_builder_content themify_builder_content-29629 themify_builder tf_clear\">\n                    <div  data-lazy=\"1\" class=\"module_row themify_builder_row tb_reai348 tb_first tf_w\">\n                        <div class=\"row_inner col_align_top tb_col_count_1 tf_box tf_rel\">\n                        <div  data-lazy=\"1\" class=\"module_column tb-column col-full tb_3n8b350 first\">\n                    <!-- module fancy heading -->\n<div  class=\"module module-fancy-heading tb_b84o350  tb_gs29013622\" data-lazy=\"1\">\n        <h1 class=\"fancy-heading tf_textc\">\n    <span class=\"main-head tf_block\">\n                    Kristall            <\/span>\n\n    \n    <span class=\"sub-head tf_block tf_rel\">\n                    Um Spannungen in sich abbauen            <\/span>\n    <\/h1>\n<\/div>\n<!-- \/module fancy heading -->\n        <\/div>\n                        <\/div>\n        <\/div>\n                        <div  data-lazy=\"1\" class=\"module_row themify_builder_row tb_gs29023622 tb_0dzd348 tf_w\">\n                        <div class=\"row_inner col_align_top tb_col_count_1 tf_box tf_rel\">\n                        <div  data-lazy=\"1\" class=\"module_column tb-column col-full tb_fm6j353 first\">\n                    <!-- module text -->\n<div  class=\"module module-text tb_veuq353 checklist  \" data-lazy=\"1\">\n        <div  class=\"tb_text_wrap\">\n        <h1>Kristall-Bericht<\/h1>\n<p>Der Kristallbericht ist ein relativ neues energetisches Werkzeug, das auf die heutigen Energien abgestimmt ist und das neue Perspektiven sowie Sichtweisen zu sich selbst er\u00f6ffnet, so dass man seine wahre Pers\u00f6nlichkeit besser erkennen und ausleben kann.<\/p>\n<p>Es stellt sozusagen unsere <strong>energetische Architektur<\/strong> dar und hilft uns, unsere innersten Energien und pers\u00f6nlichen Funktionsweisen zu erfassen. Damit k\u00f6nnen wir unsere <strong>inneren Spannungen abbauen<\/strong>, ungenutztes Potential erschliessen und Eigenschaften nutzen, die wir vorher als Ursprung unserer Schwachpunkte betrachtet haben, die aber, sobald sie erkannt und integriert werden, sich zu St\u00e4rken unserer Pers\u00f6nlichkeit entwickeln lassen, von denen auch unser Umfeld profitieren kann.<\/p>\n<p>Das Kristallthema hilft weiter zu erkennen, ob wir die vorhandene Energie zielf\u00fchrend einsetzen, wenn wir uns in gewisser Weise verhalten, oder ob wir vielmehr gegen die eine oder andere Energie handeln, weil sie nicht auf optimale Weise in unser Bewusstsein integriert sind.<\/p>\n<p>Es ist wichtig, dass wir uns nicht sofort selbst verurteilen und dass wir uns vergeben, wenn wir uns in einer schlechten Konstellation befinden, denn auf diese Weise erhalten wir die gute Energie aufrecht.<\/p>\n<p>Es gibt <strong>Steine<\/strong>, mit denen wir \u00fcber l\u00e4ngere Zeit auf Konfrontationskurs sind und andere, die wir in nur einem Tag versetzen k\u00f6nnen.<\/p>\n<p>Wenn wir jede Energie integrieren wollen, dann m\u00fcssen wir ohnehin die gegenteiligen Str\u00f6mungen ausprobieren!<\/p>\n<p>Je mehr wir auf diese Energien abgestimmt sind, desto gr\u00f6sseres Wohlbefinden erlangen wir und desto leichter spielt sich alles in unserem Leben ab \u2013 ein Zeichen, dass wir unsere wahres Selbst gefunden und integriert haben.<\/p>\n<p>Somit wird es leichter, <strong>seine Schwingungen zu erh\u00f6hen und den Lebensweg zu beschreiten<\/strong>, der zu uns geh\u00f6rt.<\/p>\n<p>Dank diesem Dokument <strong>ersparen Sie sich langwierige Berechnungen und viele Arbeitsstunden<\/strong>. Das Resultat ist sofort umsetzbar.<\/p>\n<p>Um Ihr Kristallthema zu schaffen, ben\u00f6tigen wir Ihre Personalien (Vorname, Name, Geburtsdatum).<\/p>\n<p>Gerne liefern wir Ihnen diese Informationen im PDF-Format, damit Sie noch Weiteres zu Ihrer Pers\u00f6nlichkeit erfahren k\u00f6nnen.<\/p>\n<h2>Bild des Kristallberichts<\/h2>    <\/div>\n<\/div>\n<!-- \/module text --><!-- module image -->\n<div  class=\"module module-image tb_xiuf193 image-center   tf_mw\" data-lazy=\"1\">\n        <div class=\"image-wrap tf_rel tf_mw\">\n            <img loading=\"lazy\" decoding=\"async\" src=\"https:\/\/www4.best-harmony-life.com\/wp-content\/uploads\/2022\/11\/theme-cristal.jpg\" width=\"368\" height=\"360\" title=\"Kristall \u2013 Um Spannungen in sich abbauen\" alt=\"Kristall \u2013 Um Spannungen in sich abbauen\">    \n        <\/div>\n    <!-- \/image-wrap -->\n    \n        <\/div>\n<!-- \/module image --><!-- module buttons -->\n<div  class=\"module module-buttons tb_cwwn675 buttons-horizontal solid  large tb_gs29102638\" data-lazy=\"1\">\n        <div class=\"module-buttons-item tf_in_flx\">\n                        <a href=\"\/de\/produkt\/cristal-theme\/\" class=\"ui builder_button tf_in_flx brown\" >\n                                                Bestellen Sie einen Kristall-Bericht                                        <\/a>\n                <\/div>\n            <\/div>\n<!-- \/module buttons -->\n        <\/div>\n                        <\/div>\n        <\/div>\n        <\/div>\n<!--\/themify_builder_content-->","protected":false},"excerpt":{"rendered":"<p>Kristall-Bericht Der Kristallbericht ist ein relativ neues energetisches Werkzeug, das auf die heutigen Energien abgestimmt ist und das neue Perspektiven sowie Sichtweisen zu sich selbst er\u00f6ffnet, so dass man seine wahre Pers\u00f6nlichkeit besser erkennen und ausleben kann. Es stellt sozusagen unsere energetische Architektur dar und hilft uns, unsere innersten Energien und pers\u00f6nlichen Funktionsweisen zu erfassen. [&hellip;]<\/p>\n","protected":false},"author":1,"featured_media":0,"parent":0,"menu_order":0,"comment_status":"closed","ping_status":"closed","template":"","meta":{"footnotes":""},"class_list":["post-29629","page","type-page","status-publish","hentry","has-post-title","has-post-date","has-post-category","has-post-tag","has-post-comment","has-post-author",""],"builder_content":"<h1>Kristall<br\/>Um Spannungen in sich abbauen<\/h1>\n<h1>Kristall-Bericht<\/h1> <p>Der Kristallbericht ist ein relativ neues energetisches Werkzeug, das auf die heutigen Energien abgestimmt ist und das neue Perspektiven sowie Sichtweisen zu sich selbst er\u00f6ffnet, so dass man seine wahre Pers\u00f6nlichkeit besser erkennen und ausleben kann.<\/p> <p>Es stellt sozusagen unsere <strong>energetische Architektur<\/strong> dar und hilft uns, unsere innersten Energien und pers\u00f6nlichen Funktionsweisen zu erfassen. Damit k\u00f6nnen wir unsere <strong>inneren Spannungen abbauen<\/strong>, ungenutztes Potential erschliessen und Eigenschaften nutzen, die wir vorher als Ursprung unserer Schwachpunkte betrachtet haben, die aber, sobald sie erkannt und integriert werden, sich zu St\u00e4rken unserer Pers\u00f6nlichkeit entwickeln lassen, von denen auch unser Umfeld profitieren kann.<\/p> <p>Das Kristallthema hilft weiter zu erkennen, ob wir die vorhandene Energie zielf\u00fchrend einsetzen, wenn wir uns in gewisser Weise verhalten, oder ob wir vielmehr gegen die eine oder andere Energie handeln, weil sie nicht auf optimale Weise in unser Bewusstsein integriert sind.<\/p> <p>Es ist wichtig, dass wir uns nicht sofort selbst verurteilen und dass wir uns vergeben, wenn wir uns in einer schlechten Konstellation befinden, denn auf diese Weise erhalten wir die gute Energie aufrecht.<\/p> <p>Es gibt <strong>Steine<\/strong>, mit denen wir \u00fcber l\u00e4ngere Zeit auf Konfrontationskurs sind und andere, die wir in nur einem Tag versetzen k\u00f6nnen.<\/p> <p>Wenn wir jede Energie integrieren wollen, dann m\u00fcssen wir ohnehin die gegenteiligen Str\u00f6mungen ausprobieren!<\/p> <p>Je mehr wir auf diese Energien abgestimmt sind, desto gr\u00f6sseres Wohlbefinden erlangen wir und desto leichter spielt sich alles in unserem Leben ab \u2013 ein Zeichen, dass wir unsere wahres Selbst gefunden und integriert haben.<\/p> <p>Somit wird es leichter, <strong>seine Schwingungen zu erh\u00f6hen und den Lebensweg zu beschreiten<\/strong>, der zu uns geh\u00f6rt.<\/p> <p>Dank diesem Dokument <strong>ersparen Sie sich langwierige Berechnungen und viele Arbeitsstunden<\/strong>. Das Resultat ist sofort umsetzbar.<\/p> <p>Um Ihr Kristallthema zu schaffen, ben\u00f6tigen wir Ihre Personalien (Vorname, Name, Geburtsdatum).<\/p> <p>Gerne liefern wir Ihnen diese Informationen im PDF-Format, damit Sie noch Weiteres zu Ihrer Pers\u00f6nlichkeit erfahren k\u00f6nnen.<\/p> <h2>Bild des Kristallberichts<\/h2>\n<img src=\"https:\/\/www4.best-harmony-life.com\/wp-content\/uploads\/2022\/11\/theme-cristal.jpg\" width=\"368\" height=\"360\" title=\"Kristall \u2013 Um Spannungen in sich abbauen\" alt=\"Kristall \u2013 Um Spannungen in sich abbauen\">\n<a href=\"\/de\/produkt\/cristal-theme\/\" > Bestellen Sie einen Kristall-Bericht <\/a>","_links":{"self":[{"href":"https:\/\/www.best-harmony-life.com\/de\/wp-json\/wp\/v2\/pages\/29629","targetHints":{"allow":["GET"]}}],"collection":[{"href":"https:\/\/www.best-harmony-life.com\/de\/wp-json\/wp\/v2\/pages"}],"about":[{"href":"https:\/\/www.best-harmony-life.com\/de\/wp-json\/wp\/v2\/types\/page"}],"author":[{"embeddable":true,"href":"https:\/\/www.best-harmony-life.com\/de\/wp-json\/wp\/v2\/users\/1"}],"replies":[{"embeddable":true,"href":"https:\/\/www.best-harmony-life.com\/de\/wp-json\/wp\/v2\/comments?post=29629"}],"version-history":[{"count":9,"href":"https:\/\/www.best-harmony-life.com\/de\/wp-json\/wp\/v2\/pages\/29629\/revisions"}],"predecessor-version":[{"id":33393,"href":"https:\/\/www.best-harmony-life.com\/de\/wp-json\/wp\/v2\/pages\/29629\/revisions\/33393"}],"wp:attachment":[{"href":"https:\/\/www.best-harmony-life.com\/de\/wp-json\/wp\/v2\/media?parent=29629"}],"curies":[{"name":"wp","href":"https:\/\/api.w.org\/{rel}","templated":true}]}}