{"id":29637,"date":"2022-10-24T11:15:18","date_gmt":"2022-10-24T09:15:18","guid":{"rendered":"https:\/\/www4.best-harmony-life.com\/geobiologie-et-therapies\/"},"modified":"2026-02-04T11:09:01","modified_gmt":"2026-02-04T10:09:01","slug":"geobiologie-et-therapies","status":"publish","type":"page","link":"https:\/\/www.best-harmony-life.com\/de\/","title":{"rendered":"G\u00e9obiologie et th\u00e9rapies"},"content":{"rendered":"<!--themify_builder_content-->\n<div id=\"themify_builder_content-29637\" data-postid=\"29637\" class=\"themify_builder_content themify_builder_content-29637 themify_builder tf_clear\">\n                    <div  data-lazy=\"1\" class=\"module_row themify_builder_row tb_gs29023622 tb_8m3095 tb_first tf_w\">\n                        <div class=\"row_inner col_align_top tb_col_count_1 tf_box tf_rel\">\n                        <div  data-lazy=\"1\" class=\"module_column tb-column col-full tb_49df95 first\">\n                    <!-- module fancy heading -->\n<div  class=\"module module-fancy-heading tb_knpx562  tb_gs29013622\" data-lazy=\"1\">\n        <h1 class=\"fancy-heading tf_textc\">\n    <span class=\"main-head tf_block\">\n                    Best-Harmony-Life.com <br>Erreichen Sie Ihre Lebensziele!            <\/span>\n\n    \n    <span class=\"sub-head tf_block tf_rel\">\n                    Wallis in der Schweiz            <\/span>\n    <\/h1>\n<\/div>\n<!-- \/module fancy heading -->\n<!-- module text -->\n<div  class=\"module module-text tb_f25r836   \" data-lazy=\"1\">\n        <div  class=\"tb_text_wrap\">\n        <h2>Wir helfen Ihnen, Ihre Lebensziele umzusetzen<\/h2>\n<p>Der Mensch ist auf diese Welt gekommen, um Erfahrungen zu sammeln, die ihm mehr oder weniger leicht fallen werden, je nach Weg, den er oder sie vor der Reinkarnation gew\u00e4hlt hat.<\/p>\n<p>Wer uns um Rat bittet, den m\u00f6chten wir auf seinem Lebensweg unterst\u00fctzen, indem wir die angenehmsten Wege aufsp\u00fcren und energetische Quellen aufzeigen, die zur gr\u00f6sstm\u00f6glichen Harmonie f\u00fchren. Unser Ziel ist eine verbesserte Selbstverwirklichung und die perfekte Harmonie mit dem Lebens- und Wohnraum jedes Einzelnen.<\/p>    <\/div>\n<\/div>\n<!-- \/module text -->        <div  data-lazy=\"1\" class=\"module_subrow themify_builder_sub_row tf_w col_align_top tb_col_count_1 tb_479k942\">\n                <div  data-lazy=\"1\" class=\"module_column sub_column col-full tb_ypyo942 first\">\n                    <!-- module text -->\n<div  class=\"module module-text tb_fi8l200   \" data-lazy=\"1\">\n        <div  class=\"tb_text_wrap\">\n        <h2 style=\"text-align: center;\">\ud83d\udc49 <a href=\"https:\/\/aveni.shop\/de\/\" target=\"_blank\" rel=\"noopener\">Offizieller Distributor f\u00fcr alle HARMONISATOREN von AVENI.SHOP weltweit.<\/a><\/h2>\n<h2 style=\"text-align: center;\">\ud83d\udc49 <a href=\"https:\/\/www.daslebenistwunderbar.com\/\" target=\"_blank\" rel=\"noopener\">www.DasLebenIstWunderbar.com<\/a><\/h2>    <\/div>\n<\/div>\n<!-- \/module text -->        <\/div>\n                    <\/div>\n                <\/div>\n                        <\/div>\n        <\/div>\n                        <div  data-lazy=\"1\" class=\"module_row themify_builder_row tb_gs29023622 tb_zitz775 tf_w\">\n                        <div class=\"row_inner col_align_top tb_col_count_1 tf_box tf_rel\">\n                        <div  data-lazy=\"1\" class=\"module_column tb-column col-full tb_b8lh776 first\">\n                    <!-- module text -->\n<div  class=\"module module-text tb_rvny776   \" data-lazy=\"1\">\n        <div  class=\"tb_text_wrap\">\n        <h2>Best Harmony Life<\/h2>    <\/div>\n<\/div>\n<!-- \/module text --><!-- module text -->\n<div  class=\"module module-text tb_h8nn776   \" data-lazy=\"1\">\n        <div  class=\"tb_text_wrap\">\n        <ul>\n<li>Soll jedem\/jeder ein harmonischeres Leben erm\u00f6glichen<\/li>\n<li>Harmonisiert den Wohnraum mit seinen Bewohnern, damit eine bessere Lebensqualit\u00e4t gew\u00e4hrleistet wird<\/li>\n<li>Hilft bei der Findung des individuellen Lebenswegs<\/li>\n<li>Hilft jedem, ein bewusstes Leben zu f\u00fchren und seine Ziele zu erreichen<\/li>\n<li>Verleiht \u00c4rzten und Therapeuten Mittel, die sie bei der Arbeit unterst\u00fctzen<\/li>\n<li>Ist eine wichtige St\u00fctze f\u00fcr Numerologen und Pentanologen<\/li>\n<li>Liefert komplexe Feng-Shui-Berechnungen f\u00fcr Experten und Laien<\/li>\n<li>Verst\u00e4rkt den Schutz vor Elektrosmog<\/li>\n<li>Liefert Nahrungserg\u00e4nzungsmittel, die zu einem ausserordentlichen Wohlbefinden beitragen<\/li>\n<\/ul>    <\/div>\n<\/div>\n<!-- \/module text -->        <\/div>\n                        <\/div>\n        <\/div>\n                        <div  data-lazy=\"1\" class=\"module_row themify_builder_row tb_gs29023622 tb_44r7282 tf_w\">\n                        <div class=\"row_inner col_align_top tb_col_count_1 tf_box tf_rel\">\n                        <div  data-lazy=\"1\" class=\"module_column tb-column col-full tb_6ntb283 first\">\n                    <!-- module text -->\n<div  class=\"module module-text tb_6dj6283   \" data-lazy=\"1\">\n        <div  class=\"tb_text_wrap\">\n        <h2 style=\"text-align: center;\">Realisieren Sie sich!<\/h2>    <\/div>\n<\/div>\n<!-- \/module text --><!-- module text -->\n<div  class=\"module module-text tb_gjg7283    tb_gs29027622\" data-lazy=\"1\">\n        <div  class=\"tb_text_wrap\">\n        <p>Vertrauen Sie Ihrer inneren Intelligenz (<strong>highware<\/strong>)!<\/p>\n<p>M\u00f6ge <strong>Ihre Entwicklung mit Respekt f\u00fcr alle<\/strong> erfolgen.<\/p>\n<p>Warum <strong>Ihr Leben<\/strong> zu verschwenden, um zu verdienen?<\/p>\n<p>Trete ein in die <strong>Multidimensionalit\u00e4t<\/strong> und werde ein <strong>verk\u00f6rpertes leuchtendes Wesen<\/strong>.<\/p>    <\/div>\n<\/div>\n<!-- \/module text -->        <\/div>\n                        <\/div>\n        <\/div>\n                        <div  data-lazy=\"1\" class=\"module_row themify_builder_row tb_gs29023622 tb_wbi932 tf_w\">\n                        <div class=\"row_inner col_align_top tb_col_count_1 tf_box tf_rel\">\n                        <div  data-lazy=\"1\" class=\"module_column tb-column col-full tb_nij934 first\">\n                    <!-- module text -->\n<div  class=\"module module-text tb_54ww34   \" data-lazy=\"1\">\n        <div  class=\"tb_text_wrap\">\n        <h3>Unsere Erfolgsfaktoren<\/h3>    <\/div>\n<\/div>\n<!-- \/module text --><!-- module text -->\n<div  class=\"module module-text tb_1uh535 checklist  \" data-lazy=\"1\">\n        <div  class=\"tb_text_wrap\">\n        <ul>\n<li>Mehr als <strong>30 Jahre Erfahrung<\/strong> und immer am <strong>Puls des Fortschritts!<\/strong><\/li>\n<li>Eine <strong>zuh\u00f6rende<\/strong> und unvoreingenommene <strong>Analyse<\/strong><\/li>\n<li>Passionierte Experten mit hoher <strong>Kompetenz<\/strong><\/li>\n<li>\u00dcberdurchschnittlich <strong>schnell und zuverl\u00e4ssig<\/strong><\/li>\n<li>Zweckm\u00e4ssige und <strong>einfache L\u00f6sungen<\/strong><\/li>\n<li>Unerreichte Support-<strong>Qualit\u00e4t<\/strong><\/li>\n<li>Eine <strong>Begleitung<\/strong> in Ihren bewussten inneren <strong>Entwicklung<\/strong><\/li>\n<li>Der <strong>Kunden-Zufriedenheit<\/strong> verpflichtet<\/li>\n<li>Wir bedienen Sie in <strong>Franz\u00f6sisch, Deutsch, Schweizerdeutsch<\/strong> und <strong>Englisch<\/strong><\/li>\n<\/ul>    <\/div>\n<\/div>\n<!-- \/module text --><!-- module text -->\n<div  class=\"module module-text tb_at5u35   \" data-lazy=\"1\">\n        <div  class=\"tb_text_wrap\">\n        <h4>Herzlich willkommen in der macwin IT-Welt!<\/h4>    <\/div>\n<\/div>\n<!-- \/module text -->        <\/div>\n                        <\/div>\n        <\/div>\n                        <div  data-lazy=\"1\" class=\"module_row themify_builder_row tb_gs29023622 tb_ucof894 tf_w\">\n                        <div class=\"row_inner col_align_top tb_col_count_1 tf_box tf_rel\">\n                        <div  data-lazy=\"1\" class=\"module_column tb-column col-full tb_hvp2895 first\">\n                    <!-- module text -->\n<div  class=\"module module-text tb_tohk895   \" data-lazy=\"1\">\n        <div  class=\"tb_text_wrap\">\n        <h2>Wesentliche Produkte f\u00fcr den Erstbedarf<\/h2>    <\/div>\n<\/div>\n<!-- \/module text -->        <div  data-lazy=\"1\" class=\"module_subrow themify_builder_sub_row tf_w col_align_top tb_col_count_2 tb_82is306\">\n                <div  data-lazy=\"1\" class=\"module_column sub_column tb_51c9323 first\">\n                    <!-- module text -->\n<div  class=\"module module-text tb_ghud169   \" data-lazy=\"1\">\n        <div  class=\"tb_text_wrap\">\n        <ul>\n<li><a href=\"https:\/\/www.best-harmony-life.com\/de\/bemer\/\"><b>BEMER<br>BEMER ZENTRUM WALLIS \u2013 EUROPA<\/b><br><\/a>BEMER ist eine <strong>physikalische Gef\u00e4sstherapie<\/strong>.<br><a href=\"https:\/\/www.best-harmony-life.com\/de\/bemer\/\">-&gt; Mehr erfahren\u2026 <\/a><\/li>\n<li><a href=\"https:\/\/aveni.shop\/de\/\" target=\"_blank\" rel=\"noopener\"><b>AVENI<\/b><br><\/a><strong>AVENI<\/strong>-Vorrichtungen <strong>schirmen vor Elektrosmog<\/strong> ab.<br><a href=\"https:\/\/aveni.shop\/de\/\" target=\"_blank\" rel=\"noopener\">-&gt; Mehr erfahren\u2026<\/a><\/li>\n<li><a href=\"https:\/\/www.best-harmony-life.com\/de\/geobiologie\/\"><b>GEOBIOLOGIE<\/b><\/a><br>Intuitives oder rationales Aufsp\u00fcren <strong>unsichtbarer, verbogener Ph\u00e4nomene<\/strong> der Umwelt, die sich auf Lebewesen auswirken (Wasseradern, Erdstrahlungen, Speicherung von Mauern und Objekten, Erdspalten, elektromagnetische Wellen, damit verbundene, meist st\u00f6rende Strahlungen) mit dem Ziel, die Qualit\u00e4t eines Wohn- oder Arbeitsortes zu verbessern.<br><a href=\"https:\/\/www.best-harmony-life.com\/de\/geobiologie\/\">-&gt; Mehr erfahren\u2026<\/a><\/li>\n<\/ul>    <\/div>\n<\/div>\n<!-- \/module text -->        <\/div>\n                    <div  data-lazy=\"1\" class=\"module_column sub_column tb_6q9i456 last\">\n                    <!-- module text -->\n<div  class=\"module module-text tb_ws3d359   \" data-lazy=\"1\">\n        <div  class=\"tb_text_wrap\">\n        <ul>\n<li><a href=\"https:\/\/www.best-harmony-life.com\/de\/feng-shui\/\"><b>FENG SHUI<\/b><br><\/a><span style=\"font-weight: 400;\"><strong>Harmonisierung des Menschen mit seiner Umgebung<\/strong> mittels einer Gestaltung der Wohn- und Lebensr\u00e4ume: Sie hat im Wassermannzeitalter grosse Bedeutung erlangt und soll das k\u00f6rperliche, mentale und emotionale Potential steigern.<br><a href=\"https:\/\/www.best-harmony-life.com\/de\/feng-shui\/\">-&gt; Mehr erfahren\u2026<\/a> <\/span><\/li>\n<li><a href=\"https:\/\/www.best-harmony-life.com\/de\/numerologie\/\"><b>NUMEROLOGIE<\/b><br><\/a>Bei der Reinkarnation sind die <strong>Ziele, die wir uns vor der R\u00fcckkehr auf die Erde gesteckt haben, vergessen gegangen<\/strong>. Deswegen ist es n\u00fctzlich, sich auf dem neuen Lebensweg anleiten zu lassen.<b><br><\/b><a href=\"https:\/\/www.best-harmony-life.com\/de\/numerologie\/\">-&gt; Mehr erfahren\u2026<\/a><\/li>\n<li><a href=\"https:\/\/www.best-harmony-life.com\/de\/pentanalogie\/\"><b>PENTANALOGIE<\/b><\/a><br>Pentanalogiebericht<br><a href=\"https:\/\/www.best-harmony-life.com\/de\/pentanalogie\/\">-&gt; Mehr erfahren\u2026<\/a><\/li>\n<li><b><a href=\"https:\/\/www.best-harmony-life.com\/de\/theme-de-cristal\/\">KRISTALL<\/a><br><\/b>Kristallbericht<br><a href=\"https:\/\/www.best-harmony-life.com\/de\/theme-de-cristal\/\">-&gt; Mehr erfahren\u2026<\/a><b><br><\/b><\/li>\n<\/ul>    <\/div>\n<\/div>\n<!-- \/module text -->        <\/div>\n                    <\/div>\n                <\/div>\n                        <\/div>\n        <\/div>\n                        <div  data-lazy=\"1\" class=\"module_row themify_builder_row tb_gs29023622 tb_gqg2893 tf_w\">\n                        <div class=\"row_inner col_align_top tb_col_count_1 tf_box tf_rel\">\n                        <div  data-lazy=\"1\" class=\"module_column tb-column col-full tb_ov9o902 first\">\n                    <!-- module text -->\n<div  class=\"module module-text tb_5vkz905   \" data-lazy=\"1\">\n        <div  class=\"tb_text_wrap\">\n        <h2 style=\"text-align: center;\">Aktuell<\/h2>    <\/div>\n<\/div>\n<!-- \/module text --><!-- module post -->\n<div  class=\"module module-post tb_x4tb905 \">\n    <div  class=\"builder-posts-wrap loops-wrapper grid3 masonry boxed tf_rel tf_clear tf_clearfix\" data-lazy=\"1\">\n    <article id=\"post-29916\" class=\"post tf_clearfix post-29916 type-post status-publish format-standard has-post-thumbnail hentry category-geobiologie-artikel-deutsch category-aveni-artikel-deutsch category-elektrosmog-artikel-deutsch category-tervica-artikel-deutsch tag-aveni-2 tag-elektromagnetische-wellen tag-kopfschmerzen tag-tinnitus has-post-title no-post-date has-post-category has-post-tag has-post-comment has-post-author \">\n\t    \n\t                <figure class=\"post-image tf_clearfix\">\n                                                            <a href=\"https:\/\/www.best-harmony-life.com\/de\/negativen-auswirkungen-mobiltelefons\/\">\n                                        <img loading=\"lazy\" decoding=\"async\" src=\"https:\/\/www.best-harmony-life.com\/wp-content\/uploads\/2022\/11\/electrosmog1-600x400.png\" width=\"600\" height=\"400\" class=\"wp-post-image wp-image-29479\" title=\"electrosmog1\" alt=\"Protection contre la pollution \u00e9lectromagn\u00e9tique - AVENI.SHOP - best-harmony-life.com\">                                                                    <\/a>\n                                                                <\/figure>\n                    \t<div class=\"post-content\">\n\t\t<div class=\"post-content-inner\">\n\n\t\t\t\n\t\t\t<h3 class=\"post-title entry-title\"><a href=\"https:\/\/www.best-harmony-life.com\/de\/negativen-auswirkungen-mobiltelefons\/\">Befreien Sie sich von negativen Effekten des Mobiltelefons<\/a><\/h3>\n\t\t\t\n\t\t\t\n\t\t\t        <div class=\"entry-content\">\n\n        \n            <p>Wussten Sie, dass die Wellen Ihres Mobiltelefons Ihrer Gesundheit schaden k\u00f6nnen? Sie k\u00f6nnen auch unter chronischer M\u00fcdigkeit, Kopfschmerzen oder Gleichgewichtsst\u00f6rungen [&hellip;]<\/p>\n\n                \n                    <div class=\"more-link-wrap\"><a href=\"https:\/\/www.best-harmony-life.com\/de\/negativen-auswirkungen-mobiltelefons\/\" class=\"more-link\">Lire la suite<\/a><\/div>\n\n            \n            \n        <\/div><!-- \/.entry-content -->\n        \n\t\t<\/div>\n\t\t<!-- \/.post-content-inner -->\n\t<\/div>\n\t<!-- \/.post-content -->\n\t\n<\/article>\n<!-- \/.post -->\n<article id=\"post-30305\" class=\"post tf_clearfix post-30305 type-post status-publish format-standard has-post-thumbnail hentry category-bemer-artikel-deutsch tag-mikrozirkulation has-post-title no-post-date has-post-category has-post-tag has-post-comment has-post-author \">\n\t    \n\t                <figure class=\"post-image tf_clearfix\">\n                                                            <a href=\"https:\/\/www.best-harmony-life.com\/de\/neu-bemer-evo-premium-4-generation-im-jahr-2023\/\">\n                                        <img loading=\"lazy\" decoding=\"async\" src=\"https:\/\/www.best-harmony-life.com\/wp-content\/uploads\/2022\/11\/Bemer-Partner-600-600x400.jpeg\" width=\"600\" height=\"400\" class=\"wp-post-image wp-image-29005\" title=\"Bemer-Partner-600\" alt=\"Le principe BEMER Premium Set Evo\npour une meilleure microcirculation - best-harmony-life.com\">                                                                    <\/a>\n                                                                <\/figure>\n                    \t<div class=\"post-content\">\n\t\t<div class=\"post-content-inner\">\n\n\t\t\t\n\t\t\t<h3 class=\"post-title entry-title\"><a href=\"https:\/\/www.best-harmony-life.com\/de\/neu-bemer-evo-premium-4-generation-im-jahr-2023\/\">Neu: BEMER Evo Premium &#8211; 4. Generation im Jahr 2023<\/a><\/h3>\n\t\t\t\n\t\t\t\n\t\t\t        <div class=\"entry-content\">\n\n        \n            <p>Die neue Generation der BEMER 2023 ist verf\u00fcgbar &#8211; BEMER Evo Premium Die BEMER Therapie kann auf folgende Aspekte positiven [&hellip;]<\/p>\n\n                \n                    <div class=\"more-link-wrap\"><a href=\"https:\/\/www.best-harmony-life.com\/de\/neu-bemer-evo-premium-4-generation-im-jahr-2023\/\" class=\"more-link\">Lire la suite<\/a><\/div>\n\n            \n            \n        <\/div><!-- \/.entry-content -->\n        \n\t\t<\/div>\n\t\t<!-- \/.post-content-inner -->\n\t<\/div>\n\t<!-- \/.post-content -->\n\t\n<\/article>\n<!-- \/.post -->\n<article id=\"post-29892\" class=\"post tf_clearfix post-29892 type-post status-publish format-standard has-post-thumbnail hentry category-aveni-artikel-deutsch category-elektrosmog-artikel-deutsch category-geobiologie-artikel-deutsch category-tervica-artikel-deutsch tag-elektromagnetische-wellen tag-kopfschmerzen tag-tinnitus has-post-title no-post-date has-post-category has-post-tag has-post-comment has-post-author \">\n\t    \n\t                <figure class=\"post-image tf_clearfix\">\n                                                            <a href=\"https:\/\/www.best-harmony-life.com\/de\/5g-und-das-coronavirus\/\">\n                                        <img loading=\"lazy\" decoding=\"async\" src=\"https:\/\/www.best-harmony-life.com\/wp-content\/uploads\/2017\/02\/tervicala5getlecoronavirus-600x400.jpg\" width=\"600\" height=\"400\" class=\"wp-post-image wp-image-29172\" title=\"tervicala5getlecoronavirus\" alt=\"Protection contre la pollution \u00e9lectromagn\u00e9tique - AVENI.SHOP - best-harmony-life.com\">                                                                    <\/a>\n                                                                <\/figure>\n                    \t<div class=\"post-content\">\n\t\t<div class=\"post-content-inner\">\n\n\t\t\t\n\t\t\t<h3 class=\"post-title entry-title\"><a href=\"https:\/\/www.best-harmony-life.com\/de\/5g-und-das-coronavirus\/\">5G und das Coronavirus<\/a><\/h3>\n\t\t\t\n\t\t\t\n\t\t\t        <div class=\"entry-content\">\n\n        \n            <p>\u00a0Dr. Thomas Cowan Virus und die Elektrifizierung der Erde Hier ist eine gro\u00dfartige Erkl\u00e4rung von Dr. Thomas Cowan \u00fcber das [&hellip;]<\/p>\n\n                \n                    <div class=\"more-link-wrap\"><a href=\"https:\/\/www.best-harmony-life.com\/de\/5g-und-das-coronavirus\/\" class=\"more-link\">Lire la suite<\/a><\/div>\n\n            \n            \n        <\/div><!-- \/.entry-content -->\n        \n\t\t<\/div>\n\t\t<!-- \/.post-content-inner -->\n\t<\/div>\n\t<!-- \/.post-content -->\n\t\n<\/article>\n<!-- \/.post -->\n    <\/div><!-- .builder-posts-wrap -->\n            <\/div>\n<!-- \/module post -->\n    <!-- module buttons -->\n<div  class=\"module module-buttons tb_0fjk905 buttons-horizontal outline  \" data-lazy=\"1\">\n        <div class=\"module-buttons-item tf_in_flx\">\n                        <a href=\"\/de\/blog\/\" class=\"ui builder_button tf_in_flx brown\" >\n                                                ALLE NEUIGKEITEN                                        <\/a>\n                <\/div>\n            <\/div>\n<!-- \/module buttons -->\n        <\/div>\n                        <\/div>\n        <\/div>\n        <\/div>\n<!--\/themify_builder_content-->","protected":false},"excerpt":{"rendered":"<p>Wir helfen Ihnen, Ihre Lebensziele umzusetzen Der Mensch ist auf diese Welt gekommen, um Erfahrungen zu sammeln, die ihm mehr oder weniger leicht fallen werden, je nach Weg, den er oder sie vor der Reinkarnation gew\u00e4hlt hat. Wer uns um Rat bittet, den m\u00f6chten wir auf seinem Lebensweg unterst\u00fctzen, indem wir die angenehmsten Wege aufsp\u00fcren [&hellip;]<\/p>\n","protected":false},"author":1,"featured_media":0,"parent":0,"menu_order":0,"comment_status":"closed","ping_status":"closed","template":"","meta":{"footnotes":""},"class_list":["post-29637","page","type-page","status-publish","hentry","has-post-title","has-post-date","has-post-category","has-post-tag","has-post-comment","has-post-author",""],"builder_content":"<h1>Best-Harmony-Life.com <br>Erreichen Sie Ihre Lebensziele!<br\/>Wallis in der Schweiz<\/h1>\n<h2>Wir helfen Ihnen, Ihre Lebensziele umzusetzen<\/h2> <p>Der Mensch ist auf diese Welt gekommen, um Erfahrungen zu sammeln, die ihm mehr oder weniger leicht fallen werden, je nach Weg, den er oder sie vor der Reinkarnation gew\u00e4hlt hat.<\/p> <p>Wer uns um Rat bittet, den m\u00f6chten wir auf seinem Lebensweg unterst\u00fctzen, indem wir die angenehmsten Wege aufsp\u00fcren und energetische Quellen aufzeigen, die zur gr\u00f6sstm\u00f6glichen Harmonie f\u00fchren. Unser Ziel ist eine verbesserte Selbstverwirklichung und die perfekte Harmonie mit dem Lebens- und Wohnraum jedes Einzelnen.<\/p>\n<h2 style=\"text-align: center;\">\ud83d\udc49 <a href=\"https:\/\/aveni.shop\/de\/\" target=\"_blank\" rel=\"noopener\">Offizieller Distributor f\u00fcr alle HARMONISATOREN von AVENI.SHOP weltweit.<\/a><\/h2> <h2 style=\"text-align: center;\">\ud83d\udc49 <a href=\"https:\/\/www.daslebenistwunderbar.com\/\">www.DasLebenIstWunderbar.com<\/a><\/h2>\n<h2>Best Harmony Life<\/h2>\n<ul> <li>Soll jedem\/jeder ein harmonischeres Leben erm\u00f6glichen<\/li> <li>Harmonisiert den Wohnraum mit seinen Bewohnern, damit eine bessere Lebensqualit\u00e4t gew\u00e4hrleistet wird<\/li> <li>Hilft bei der Findung des individuellen Lebenswegs<\/li> <li>Hilft jedem, ein bewusstes Leben zu f\u00fchren und seine Ziele zu erreichen<\/li> <li>Verleiht \u00c4rzten und Therapeuten Mittel, die sie bei der Arbeit unterst\u00fctzen<\/li> <li>Ist eine wichtige St\u00fctze f\u00fcr Numerologen und Pentanologen<\/li> <li>Liefert komplexe Feng-Shui-Berechnungen f\u00fcr Experten und Laien<\/li> <li>Verst\u00e4rkt den Schutz vor Elektrosmog<\/li> <li>Liefert Nahrungserg\u00e4nzungsmittel, die zu einem ausserordentlichen Wohlbefinden beitragen<\/li> <\/ul>\n<h2 style=\"text-align: center;\">Realisieren Sie sich!<\/h2>\n<p>Vertrauen Sie Ihrer inneren Intelligenz (<strong>highware<\/strong>)!<\/p> <p>M\u00f6ge <strong>Ihre Entwicklung mit Respekt f\u00fcr alle<\/strong> erfolgen.<\/p> <p>Warum <strong>Ihr Leben<\/strong> zu verschwenden, um zu verdienen?<\/p> <p>Trete ein in die <strong>Multidimensionalit\u00e4t<\/strong> und werde ein <strong>verk\u00f6rpertes leuchtendes Wesen<\/strong>.<\/p>\n<h3>Unsere Erfolgsfaktoren<\/h3>\n<ul> <li>Mehr als <strong>30 Jahre Erfahrung<\/strong> und immer am <strong>Puls des Fortschritts!<\/strong><\/li> <li>Eine <strong>zuh\u00f6rende<\/strong> und unvoreingenommene <strong>Analyse<\/strong><\/li> <li>Passionierte Experten mit hoher <strong>Kompetenz<\/strong><\/li> <li>\u00dcberdurchschnittlich <strong>schnell und zuverl\u00e4ssig<\/strong><\/li> <li>Zweckm\u00e4ssige und <strong>einfache L\u00f6sungen<\/strong><\/li> <li>Unerreichte Support-<strong>Qualit\u00e4t<\/strong><\/li> <li>Eine <strong>Begleitung<\/strong> in Ihren bewussten inneren <strong>Entwicklung<\/strong><\/li> <li>Der <strong>Kunden-Zufriedenheit<\/strong> verpflichtet<\/li> <li>Wir bedienen Sie in <strong>Franz\u00f6sisch, Deutsch, Schweizerdeutsch<\/strong> und <strong>Englisch<\/strong><\/li> <\/ul>\n<h4>Herzlich willkommen in der macwin IT-Welt!<\/h4>\n<h2>Wesentliche Produkte f\u00fcr den Erstbedarf<\/h2>\n<ul> <li><a href=\"https:\/\/www.best-harmony-life.com\/de\/bemer\/\"><b>BEMER<br>BEMER ZENTRUM WALLIS \u2013 EUROPA<\/b><br><\/a>BEMER ist eine <strong>physikalische Gef\u00e4sstherapie<\/strong>.<br><a href=\"https:\/\/www.best-harmony-life.com\/de\/bemer\/\">-&gt; Mehr erfahren\u2026 <\/a><\/li> <li><a href=\"https:\/\/aveni.shop\/de\/\"><b>AVENI<\/b><br><\/a><strong>AVENI<\/strong>-Vorrichtungen <strong>schirmen vor Elektrosmog<\/strong> ab.<br><a href=\"https:\/\/aveni.shop\/de\/\">-&gt; Mehr erfahren\u2026<\/a><\/li> <li><a href=\"https:\/\/www.best-harmony-life.com\/de\/geobiologie\/\"><b>GEOBIOLOGIE<\/b><\/a><br>Intuitives oder rationales Aufsp\u00fcren <strong>unsichtbarer, verbogener Ph\u00e4nomene<\/strong> der Umwelt, die sich auf Lebewesen auswirken (Wasseradern, Erdstrahlungen, Speicherung von Mauern und Objekten, Erdspalten, elektromagnetische Wellen, damit verbundene, meist st\u00f6rende Strahlungen) mit dem Ziel, die Qualit\u00e4t eines Wohn- oder Arbeitsortes zu verbessern.<br><a href=\"https:\/\/www.best-harmony-life.com\/de\/geobiologie\/\">-&gt; Mehr erfahren\u2026<\/a><\/li> <\/ul>\n<ul> <li><a href=\"https:\/\/www.best-harmony-life.com\/de\/feng-shui\/\"><b>FENG SHUI<\/b><br><\/a><strong>Harmonisierung des Menschen mit seiner Umgebung<\/strong> mittels einer Gestaltung der Wohn- und Lebensr\u00e4ume: Sie hat im Wassermannzeitalter grosse Bedeutung erlangt und soll das k\u00f6rperliche, mentale und emotionale Potential steigern.<br><a href=\"https:\/\/www.best-harmony-life.com\/de\/feng-shui\/\">-&gt; Mehr erfahren\u2026<\/a> <\/li> <li><a href=\"https:\/\/www.best-harmony-life.com\/de\/numerologie\/\"><b>NUMEROLOGIE<\/b><br><\/a>Bei der Reinkarnation sind die <strong>Ziele, die wir uns vor der R\u00fcckkehr auf die Erde gesteckt haben, vergessen gegangen<\/strong>. Deswegen ist es n\u00fctzlich, sich auf dem neuen Lebensweg anleiten zu lassen.<b><br><\/b><a href=\"https:\/\/www.best-harmony-life.com\/de\/numerologie\/\">-&gt; Mehr erfahren\u2026<\/a><\/li> <li><a href=\"https:\/\/www.best-harmony-life.com\/de\/pentanalogie\/\"><b>PENTANALOGIE<\/b><\/a><br>Pentanalogiebericht<br><a href=\"https:\/\/www.best-harmony-life.com\/de\/pentanalogie\/\">-&gt; Mehr erfahren\u2026<\/a><\/li> <li><b><a href=\"https:\/\/www.best-harmony-life.com\/de\/theme-de-cristal\/\">KRISTALL<\/a><br><\/b>Kristallbericht<br><a href=\"https:\/\/www.best-harmony-life.com\/de\/theme-de-cristal\/\">-&gt; Mehr erfahren\u2026<\/a><b><br><\/b><\/li> <\/ul>\n<h2 style=\"text-align: center;\">Aktuell<\/h2>\n<a href=\"\/de\/blog\/\" > ALLE NEUIGKEITEN <\/a>","_links":{"self":[{"href":"https:\/\/www.best-harmony-life.com\/de\/wp-json\/wp\/v2\/pages\/29637","targetHints":{"allow":["GET"]}}],"collection":[{"href":"https:\/\/www.best-harmony-life.com\/de\/wp-json\/wp\/v2\/pages"}],"about":[{"href":"https:\/\/www.best-harmony-life.com\/de\/wp-json\/wp\/v2\/types\/page"}],"author":[{"embeddable":true,"href":"https:\/\/www.best-harmony-life.com\/de\/wp-json\/wp\/v2\/users\/1"}],"replies":[{"embeddable":true,"href":"https:\/\/www.best-harmony-life.com\/de\/wp-json\/wp\/v2\/comments?post=29637"}],"version-history":[{"count":27,"href":"https:\/\/www.best-harmony-life.com\/de\/wp-json\/wp\/v2\/pages\/29637\/revisions"}],"predecessor-version":[{"id":33885,"href":"https:\/\/www.best-harmony-life.com\/de\/wp-json\/wp\/v2\/pages\/29637\/revisions\/33885"}],"wp:attachment":[{"href":"https:\/\/www.best-harmony-life.com\/de\/wp-json\/wp\/v2\/media?parent=29637"}],"curies":[{"name":"wp","href":"https:\/\/api.w.org\/{rel}","templated":true}]}}