{"id":29643,"date":"2022-11-28T11:55:43","date_gmt":"2022-11-28T10:55:43","guid":{"rendered":"https:\/\/www4.best-harmony-life.com\/politique-de-confidentialite\/"},"modified":"2023-12-12T13:29:32","modified_gmt":"2023-12-12T12:29:32","slug":"politique-de-confidentialite","status":"publish","type":"page","link":"https:\/\/www.best-harmony-life.com\/de\/politique-de-confidentialite\/","title":{"rendered":"Datenschutzerkl\u00e4rung"},"content":{"rendered":"\n<h1 class=\"wp-block-heading\"><strong>Datenschutzerkl\u00e4rung<\/strong><\/h1>\n\n\n\n<p>Die Website sammelt statistische Daten mit Google Analytics.<\/p>\n\n\n\n<p>Die erhobenen Daten werden nur von der Firma Best-Harmony-Life verwendet und niemals an Dritte weitergegeben oder weiterverkauft.<\/p>\n\n\n\n<p>Die erhobenen Daten betreffen Namen, Vornamen, E-Mail-Adressen und Postanschriften.<\/p>\n\n\n\n<p>Die gesammelten Informationen werden verwendet, um Anfragen besser zu beantworten und zu kommerziellen Zwecken Informationen \u00fcber unsere Angebote zu senden.<\/p>\n\n\n\n<p>Sie haben ein Recht auf Zugang, Berichtigung und Widerspruch zu personenbezogenen Daten, die Sie betreffen.<\/p>\n\n\n\n<p>Um dieses Recht auszu\u00fcben, kontaktieren Sie uns per Post unter folgender Adresse: route des Vernasses 38, 1977 Icogne, Schweiz, oder per E-Mail an contact@best-harmony-life.com.<\/p>\n\n\n\n<p>Abonnenten des Newsletters k\u00f6nnen sich jederzeit abmelden, indem sie auf den Link in der E-Mail klicken.<\/p>\n\n\n\n<p>Wir bedanken uns f\u00fcr Ihr Vertrauen.<\/p>\n\n\n\n<h2 class=\"wp-block-heading\"><strong>Kommentare<\/strong><\/h2>\n\n\n\n<p>Wenn Sie einen Kommentar auf unserer Website hinterlassen, werden die im Kommentarformular eingegebenen Daten, aber auch Ihre IP-Adresse und der Benutzeragent Ihres Browsers erfasst, damit wir unerw\u00fcnschte Kommentare erkennen k\u00f6nnen.<\/p>\n\n\n\n<h2 class=\"wp-block-heading\"><strong>Medien<\/strong><\/h2>\n\n\n\n<p>Wenn Sie ein registrierter Benutzer sind und Bilder auf unsere Websites hochladen, empfehlen wir, das Hochladen von Bildern mit EXIF-Daten von GPS-Koordinaten zu vermeiden. Besucher unserer Website k\u00f6nnen Standortdaten von diesen Bildern herunterladen und extrahieren.<\/p>\n\n\n\n<h2 class=\"wp-block-heading\"><strong>Cookies<\/strong><\/h2>\n\n\n\n<p>Wenn Sie einen Kommentar auf unserer Website ver\u00f6ffentlichen, wird Ihnen angeboten, Ihren Namen, Ihre E-Mail-Adresse und Ihre Website in Cookies zu speichern. Dies dient nur Ihrer Bequemlichkeit, sodass Sie diese Informationen nicht eingeben m\u00fcssen, wenn Sie sp\u00e4ter einen weiteren Kommentar ver\u00f6ffentlichen. Diese Cookies verfallen nach einem Jahr.<\/p>\n\n\n\n<p>Wenn Sie ein Konto haben und eine Verbindung zu dieser Site herstellen, wird ein tempor\u00e4res Cookie erstellt, um festzustellen, ob Ihr Browser Cookies akzeptiert. Es enth\u00e4lt keine pers\u00f6nlichen Daten und wird automatisch gel\u00f6scht, wenn Sie Ihren Browser schlie\u00dfen.<\/p>\n\n\n\n<p>Wenn Sie sich anmelden, setzen wir eine Reihe von Cookies, um Ihre Anmeldeinformationen und Bildschirmeinstellungen zu speichern. Die Lebensdauer eines Anmelde-Cookies betr\u00e4gt zwei Tage, die eines Bildschirmoptions-Cookies ein Jahr. Wenn Sie \u201cAngemeldet bleiben\u201d aktivieren, wird Ihr Login-Cookie zwei Wochen lang gespeichert. Wenn Sie sich von Ihrem Konto abmelden, wird das Anmelde-Cookie gel\u00f6scht.<\/p>\n\n\n\n<p>Durch \u00c4ndern oder Ver\u00f6ffentlichen einer Publikation wird ein zus\u00e4tzliches Cookie in Ihrem Browser gespeichert. Dieses Cookie enth\u00e4lt keine pers\u00f6nlichen Daten. Es wird nur die ID des gerade bearbeiteten Beitrags angezeigt. Es l\u00e4uft nach einem Tag ab.<\/p>\n\n\n\n<h2 class=\"wp-block-heading\"><strong>Von anderen Websites eingebetteter Inhalt<\/strong><\/h2>\n\n\n\n<p>Die Artikel auf dieser Website k\u00f6nnen integrierten Inhalt enthalten (z. B. Videos, Bilder, Artikel usw.). Von anderen Websites eingebettete Inhalte verhalten sich so, als ob der Besucher diese andere Website besucht h\u00e4tte.<\/p>\n\n\n\n<p>Diese Websites k\u00f6nnen Daten \u00fcber Sie sammeln, Cookies verwenden, Tracking-Tools von Drittanbietern einbetten und Ihre Interaktionen mit diesen eingebetteten Inhalten verfolgen, wenn Sie ein Konto mit ihrer Website verbunden haben.<\/p>\n\n\n\n<h2 class=\"wp-block-heading\"><strong>Dauer der Speicherung Ihrer Daten<\/strong><\/h2>\n\n\n\n<p>Wenn Sie einen Kommentar hinterlassen, bleiben der Kommentar und seine Metadaten unbegrenzt erhalten. Dadurch werden die folgenden Kommentare automatisch erkannt und genehmigt, anstatt sie in der Moderationswarteschlange zu belassen.<\/p>\n\n\n\n<p>F\u00fcr Benutzer, die sich auf unserer Website registrieren (falls m\u00f6glich), speichern wir auch die in ihrem Profil angegebenen pers\u00f6nlichen Daten. Alle Benutzer k\u00f6nnen ihre pers\u00f6nlichen Daten jederzeit anzeigen, \u00e4ndern oder l\u00f6schen (mit Ausnahme ihres Benutzernamens). Site Manager k\u00f6nnen diese Informationen auch anzeigen und \u00e4ndern.<\/p>\n\n\n\n<h2 class=\"wp-block-heading\"><strong>Die Rechte, die Sie an Ihren Daten haben<\/strong><\/h2>\n\n\n\n<p>Wenn Sie ein Konto haben oder Kommentare auf der Website hinterlassen haben, k\u00f6nnen Sie eine Datei anfordern, die alle pers\u00f6nlichen Daten enth\u00e4lt, die wir \u00fcber Sie haben, einschlie\u00dflich der Daten, die Sie uns zur Verf\u00fcgung gestellt haben. Sie k\u00f6nnen auch die L\u00f6schung personenbezogener Daten beantragen. Hierbei werden die aus administrativen, rechtlichen oder sicherheitstechnischen Gr\u00fcnden gespeicherten Daten nicht ber\u00fccksichtigt.<\/p>\n\n\n\n<h2 class=\"wp-block-heading\"><strong>\u00dcbermittlung Ihrer pers\u00f6nlichen Daten<\/strong><\/h2>\n\n\n\n<p>Besucherkommentare k\u00f6nnen mithilfe eines automatisierten Spam-Erkennungsdienstes \u00fcberpr\u00fcft werden.<\/p>\n\n\n\n<p><em>Icogne, den 1. September 2023<\/em><\/p>\n\n\n<!-- wp:themify-builder\/canvas \/-->","protected":false},"excerpt":{"rendered":"<p>Datenschutzerkl\u00e4rung Die Website sammelt statistische Daten mit Google Analytics. Die erhobenen Daten werden nur von der Firma Best-Harmony-Life verwendet und niemals an Dritte weitergegeben oder weiterverkauft. Die erhobenen Daten betreffen Namen, Vornamen, E-Mail-Adressen und Postanschriften. Die gesammelten Informationen werden verwendet, um Anfragen besser zu beantworten und zu kommerziellen Zwecken Informationen \u00fcber unsere Angebote zu senden. [&hellip;]<\/p>\n","protected":false},"author":1,"featured_media":0,"parent":0,"menu_order":0,"comment_status":"closed","ping_status":"open","template":"","meta":{"footnotes":""},"class_list":["post-29643","page","type-page","status-publish","hentry","has-post-title","has-post-date","has-post-category","has-post-tag","has-post-comment","has-post-author",""],"builder_content":"","_links":{"self":[{"href":"https:\/\/www.best-harmony-life.com\/de\/wp-json\/wp\/v2\/pages\/29643","targetHints":{"allow":["GET"]}}],"collection":[{"href":"https:\/\/www.best-harmony-life.com\/de\/wp-json\/wp\/v2\/pages"}],"about":[{"href":"https:\/\/www.best-harmony-life.com\/de\/wp-json\/wp\/v2\/types\/page"}],"author":[{"embeddable":true,"href":"https:\/\/www.best-harmony-life.com\/de\/wp-json\/wp\/v2\/users\/1"}],"replies":[{"embeddable":true,"href":"https:\/\/www.best-harmony-life.com\/de\/wp-json\/wp\/v2\/comments?post=29643"}],"version-history":[{"count":10,"href":"https:\/\/www.best-harmony-life.com\/de\/wp-json\/wp\/v2\/pages\/29643\/revisions"}],"predecessor-version":[{"id":33180,"href":"https:\/\/www.best-harmony-life.com\/de\/wp-json\/wp\/v2\/pages\/29643\/revisions\/33180"}],"wp:attachment":[{"href":"https:\/\/www.best-harmony-life.com\/de\/wp-json\/wp\/v2\/media?parent=29643"}],"curies":[{"name":"wp","href":"https:\/\/api.w.org\/{rel}","templated":true}]}}