{"id":29536,"date":"2022-11-27T17:27:08","date_gmt":"2022-11-27T16:27:08","guid":{"rendered":"https:\/\/www4.best-harmony-life.com\/produit\/arithmogiciel-die-mehrsprachige-numerologie-software\/"},"modified":"2024-10-04T00:10:21","modified_gmt":"2024-10-03T22:10:21","slug":"berechnungen-numerologie-diagramms","status":"publish","type":"product","link":"https:\/\/www.best-harmony-life.com\/de\/produkt\/berechnungen-numerologie-diagramms\/","title":{"rendered":"Berechnungen des Numerologiediagramms mit mehreren Informationen"},"content":{"rendered":"<div class=\"description\">\n<div class=\"oSioSc\">\n<div id=\"tw-target\">\n<div id=\"kAz1tf\" class=\"g9WsWb\">\n<div id=\"tw-target-text-container\" class=\"tw-ta-container F0azHf tw-nfl\" tabindex=\"0\">\n<p class=\"tw-data-text tw-text-large tw-ta\" dir=\"ltr\" data-placeholder=\"Traduction\"><strong><span class=\"Y2IQFc\" lang=\"de\">Berechnungen des Numerologiediagramms mit mehreren Informationen mit <\/span><\/strong><\/p>\n<ul>\n<li><a href=\"\/wp-content\/uploads\/2023\/01\/theme.pdf\" target=\"_blank\" rel=\"noopener\">Das Thema<\/a><\/li>\n<li><a href=\"\/wp-content\/uploads\/2023\/01\/table_excursion.pdf\" target=\"_blank\" rel=\"noopener\">Die Ausflugstabelle<\/a><\/li>\n<li><a href=\"\/wp-content\/uploads\/2023\/01\/annee_personnelle.pdf\" target=\"_blank\" rel=\"noopener\">Das pers\u00f6nliche Jahr<\/a><\/li>\n<li><a href=\"\/wp-content\/uploads\/2023\/01\/jour_personnel.pdf\" target=\"_blank\" rel=\"noopener\">Der pers\u00f6nliche Tag<\/a><\/li>\n<li><a href=\"\/wp-content\/uploads\/2023\/01\/theme_comparatif.pdf\" target=\"_blank\" rel=\"noopener\">Der Vergleiche von 2 Themen<\/a><\/li>\n<li><a href=\"\/wp-content\/uploads\/2023\/01\/theme_pythagore.pdf\" target=\"_blank\" rel=\"noopener\">Das Pythagor\u00e4ische Thema<\/a><\/li>\n<li><a href=\"\/wp-content\/uploads\/2023\/01\/triangle_de_vie.jpg\" target=\"_blank\" rel=\"noopener\">Das Dreieck des Lebens<\/a><\/li>\n<\/ul>\n<pre id=\"tw-target-text\" class=\"tw-data-text tw-text-large tw-ta\" dir=\"ltr\" data-placeholder=\"Traduction\"><strong><span class=\"Y2IQFc\" lang=\"de\">\u00a0<\/span><\/strong><\/pre>\n<\/div>\n<\/div>\n<\/div>\n<\/div>\n<\/div>\n","protected":false},"excerpt":{"rendered":"<p>Berechnungen des Numerologiediagramms mit mehreren Informationen mit Das Thema Die Ausflugstabelle Das pers\u00f6nliche Jahr Der pers\u00f6nliche Tag Der Vergleiche von 2 Themen Das Pythagor\u00e4ische Thema Das Dreieck des Lebens \u00a0<\/p>\n","protected":false},"featured_media":29148,"comment_status":"open","ping_status":"closed","template":"","meta":[],"product_brand":[],"product_cat":[116],"product_tag":[],"class_list":{"0":"post-29536","1":"product","2":"type-product","3":"status-publish","4":"has-post-thumbnail","6":"product_cat-produktkategorie-numerologie-lebensweg","7":"has-post-title","8":"has-post-date","9":"has-post-category","10":"has-post-tag","11":"has-post-comment","12":"has-post-author","13":"","15":"first","16":"instock","17":"virtual","18":"purchasable","19":"product-type-simple"},"builder_content":"","_links":{"self":[{"href":"https:\/\/www.best-harmony-life.com\/de\/wp-json\/wp\/v2\/product\/29536","targetHints":{"allow":["GET"]}}],"collection":[{"href":"https:\/\/www.best-harmony-life.com\/de\/wp-json\/wp\/v2\/product"}],"about":[{"href":"https:\/\/www.best-harmony-life.com\/de\/wp-json\/wp\/v2\/types\/product"}],"replies":[{"embeddable":true,"href":"https:\/\/www.best-harmony-life.com\/de\/wp-json\/wp\/v2\/comments?post=29536"}],"wp:featuredmedia":[{"embeddable":true,"href":"https:\/\/www.best-harmony-life.com\/de\/wp-json\/wp\/v2\/media\/29148"}],"wp:attachment":[{"href":"https:\/\/www.best-harmony-life.com\/de\/wp-json\/wp\/v2\/media?parent=29536"}],"wp:term":[{"taxonomy":"product_brand","embeddable":true,"href":"https:\/\/www.best-harmony-life.com\/de\/wp-json\/wp\/v2\/product_brand?post=29536"},{"taxonomy":"product_cat","embeddable":true,"href":"https:\/\/www.best-harmony-life.com\/de\/wp-json\/wp\/v2\/product_cat?post=29536"},{"taxonomy":"product_tag","embeddable":true,"href":"https:\/\/www.best-harmony-life.com\/de\/wp-json\/wp\/v2\/product_tag?post=29536"}],"curies":[{"name":"wp","href":"https:\/\/api.w.org\/{rel}","templated":true}]}}