{"id":29837,"date":"2022-12-10T13:41:55","date_gmt":"2022-12-10T12:41:55","guid":{"rendered":"https:\/\/www4.best-harmony-life.com\/?post_type=product&#038;p=29837"},"modified":"2023-08-28T18:07:05","modified_gmt":"2023-08-28T16:07:05","slug":"berechnung-der-jahressterne-einer-person","status":"publish","type":"product","link":"https:\/\/www.best-harmony-life.com\/de\/produkt\/berechnung-der-jahressterne-einer-person\/","title":{"rendered":"Berechnung der Jahressterne einer Person"},"content":{"rendered":"<p>Kennt man die Jahressterne einer Person f\u00fcr ein bestimmtes Jahr, so weiss man <b>Monat f\u00fcr Monat, was die Person w\u00e4hrend diesem ganzen Jahr erleben wird<\/b>.<\/p>\n<!--themify_builder_content-->\n<div id=\"themify_builder_content-29837\" data-postid=\"29837\" class=\"themify_builder_content themify_builder_content-29837 themify_builder tf_clear\">\n    <\/div>\n<!--\/themify_builder_content-->\n","protected":false},"excerpt":{"rendered":"<p>Kennt man die Jahressterne einer Person f\u00fcr ein bestimmtes Jahr, so weiss man Monat f\u00fcr Monat, was die Person w\u00e4hrend diesem ganzen Jahr erleben wird.<\/p>\n","protected":false},"featured_media":29112,"comment_status":"open","ping_status":"closed","template":"","meta":[],"product_brand":[],"product_cat":[135],"product_tag":[],"class_list":{"0":"post-29837","1":"product","2":"type-product","3":"status-publish","4":"has-post-thumbnail","6":"product_cat-produktkategorie-feng-shui","7":"has-post-title","8":"has-post-date","9":"has-post-category","10":"has-post-tag","11":"has-post-comment","12":"has-post-author","13":"","15":"first","16":"instock","17":"virtual","18":"purchasable","19":"product-type-simple"},"builder_content":"","_links":{"self":[{"href":"https:\/\/www.best-harmony-life.com\/de\/wp-json\/wp\/v2\/product\/29837","targetHints":{"allow":["GET"]}}],"collection":[{"href":"https:\/\/www.best-harmony-life.com\/de\/wp-json\/wp\/v2\/product"}],"about":[{"href":"https:\/\/www.best-harmony-life.com\/de\/wp-json\/wp\/v2\/types\/product"}],"replies":[{"embeddable":true,"href":"https:\/\/www.best-harmony-life.com\/de\/wp-json\/wp\/v2\/comments?post=29837"}],"wp:featuredmedia":[{"embeddable":true,"href":"https:\/\/www.best-harmony-life.com\/de\/wp-json\/wp\/v2\/media\/29112"}],"wp:attachment":[{"href":"https:\/\/www.best-harmony-life.com\/de\/wp-json\/wp\/v2\/media?parent=29837"}],"wp:term":[{"taxonomy":"product_brand","embeddable":true,"href":"https:\/\/www.best-harmony-life.com\/de\/wp-json\/wp\/v2\/product_brand?post=29837"},{"taxonomy":"product_cat","embeddable":true,"href":"https:\/\/www.best-harmony-life.com\/de\/wp-json\/wp\/v2\/product_cat?post=29837"},{"taxonomy":"product_tag","embeddable":true,"href":"https:\/\/www.best-harmony-life.com\/de\/wp-json\/wp\/v2\/product_tag?post=29837"}],"curies":[{"name":"wp","href":"https:\/\/api.w.org\/{rel}","templated":true}]}}