{"id":29849,"date":"2022-12-10T13:54:05","date_gmt":"2022-12-10T12:54:05","guid":{"rendered":"https:\/\/www4.best-harmony-life.com\/?post_type=product&#038;p=29849"},"modified":"2024-10-04T00:10:20","modified_gmt":"2024-10-03T22:10:20","slug":"berechnung-der-richtung-beim-umziehen-und-neugestalten","status":"publish","type":"product","link":"https:\/\/www.best-harmony-life.com\/de\/produkt\/berechnung-der-richtung-beim-umziehen-und-neugestalten\/","title":{"rendered":"Berechnung der Richtung beim Umziehen und Neugestalten"},"content":{"rendered":"<p>Haben Sie sich noch nie gefragt, bevor Sie in die <b>Ferien reisen<\/b> oder wenn Sie <b>umziehen<\/b> wollen, ob das gew\u00e4hlte Reise- oder Umziehdatum auch das korrekte ist, um in eine bestimmte Richtung zu ziehen?<\/p>\n<p><b>Eine Reise in die falsche Richtung kann Ihnen die Ferien verg\u00e4llen<\/b> oder auch dazu f\u00fchren, dass Ihr neuer Wohnort nach dem Umzug viele Probleme mit sich bringt.<\/p>\n<p>Wir \u00fcbernehmen es f\u00fcr Sie, die f\u00fcr Sie <b>besten Richtungen zu berechnen,<\/b> und erstellen f\u00fcr Sie ein Dokument, dank dem Sie sich langwierige Berechnungen und viele Arbeitsstunden ersparen. Das Resultat kann sofort umgesetzt werden.<\/p>\n<p>Damit wir die Berechnungen durchf\u00fchren k\u00f6nnen, ben\u00f6tigen wir Ihre Personalien (Vorname, Name, Geburtsdatum, Geschlecht sowie Umzugs- oder Reisedatum).<\/p>\n<p>Sie erhalten die Resultate im PDF-Format.<\/p>\n","protected":false},"excerpt":{"rendered":"<p>Haben Sie sich noch nie gefragt, bevor Sie in die Ferien reisen oder wenn Sie umziehen wollen, ob das gew\u00e4hlte Reise- oder Umziehdatum auch das korrekte ist, um in eine bestimmte Richtung zu ziehen? Eine Reise in die falsche Richtung kann Ihnen die Ferien verg\u00e4llen oder auch dazu f\u00fchren, dass Ihr neuer Wohnort nach dem [&hellip;]<\/p>\n","protected":false},"featured_media":29127,"comment_status":"open","ping_status":"closed","template":"","meta":[],"product_brand":[],"product_cat":[135],"product_tag":[],"class_list":{"0":"post-29849","1":"product","2":"type-product","3":"status-publish","4":"has-post-thumbnail","6":"product_cat-produktkategorie-feng-shui","7":"has-post-title","8":"has-post-date","9":"has-post-category","10":"has-post-tag","11":"has-post-comment","12":"has-post-author","13":"","15":"first","16":"instock","17":"virtual","18":"purchasable","19":"product-type-simple"},"builder_content":"","_links":{"self":[{"href":"https:\/\/www.best-harmony-life.com\/de\/wp-json\/wp\/v2\/product\/29849","targetHints":{"allow":["GET"]}}],"collection":[{"href":"https:\/\/www.best-harmony-life.com\/de\/wp-json\/wp\/v2\/product"}],"about":[{"href":"https:\/\/www.best-harmony-life.com\/de\/wp-json\/wp\/v2\/types\/product"}],"replies":[{"embeddable":true,"href":"https:\/\/www.best-harmony-life.com\/de\/wp-json\/wp\/v2\/comments?post=29849"}],"wp:featuredmedia":[{"embeddable":true,"href":"https:\/\/www.best-harmony-life.com\/de\/wp-json\/wp\/v2\/media\/29127"}],"wp:attachment":[{"href":"https:\/\/www.best-harmony-life.com\/de\/wp-json\/wp\/v2\/media?parent=29849"}],"wp:term":[{"taxonomy":"product_brand","embeddable":true,"href":"https:\/\/www.best-harmony-life.com\/de\/wp-json\/wp\/v2\/product_brand?post=29849"},{"taxonomy":"product_cat","embeddable":true,"href":"https:\/\/www.best-harmony-life.com\/de\/wp-json\/wp\/v2\/product_cat?post=29849"},{"taxonomy":"product_tag","embeddable":true,"href":"https:\/\/www.best-harmony-life.com\/de\/wp-json\/wp\/v2\/product_tag?post=29849"}],"curies":[{"name":"wp","href":"https:\/\/api.w.org\/{rel}","templated":true}]}}