{"id":29582,"date":"2022-11-25T15:11:06","date_gmt":"2022-11-25T14:11:06","guid":{"rendered":"https:\/\/www4.best-harmony-life.com\/numerologie\/"},"modified":"2023-12-20T17:10:33","modified_gmt":"2023-12-20T16:10:33","slug":"numerologie","status":"publish","type":"page","link":"https:\/\/www.best-harmony-life.com\/en\/numerologie\/","title":{"rendered":"Numerology \u2013 Discover the stages and the challenges in your life"},"content":{"rendered":"<!--themify_builder_content-->\n<div id=\"themify_builder_content-29582\" data-postid=\"29582\" class=\"themify_builder_content themify_builder_content-29582 themify_builder tf_clear\">\n                    <div  data-lazy=\"1\" class=\"module_row themify_builder_row tb_reai348 tb_first tf_w\">\n                        <div class=\"row_inner col_align_top tb_col_count_1 tf_box tf_rel\">\n                        <div  data-lazy=\"1\" class=\"module_column tb-column col-full tb_3n8b350 first\">\n                    <!-- module fancy heading -->\n<div  class=\"module module-fancy-heading tb_b84o350  tb_gs29013622\" data-lazy=\"1\">\n        <h1 class=\"fancy-heading tf_textc\">\n    <span class=\"main-head tf_block\">\n                    Numerology            <\/span>\n\n    \n    <span class=\"sub-head tf_block tf_rel\">\n                    Discover the stages and the challenges in your life            <\/span>\n    <\/h1>\n<\/div>\n<!-- \/module fancy heading -->\n        <\/div>\n                        <\/div>\n        <\/div>\n                        <div  data-lazy=\"1\" class=\"module_row themify_builder_row tb_gs29023622 tb_0dzd348 tf_w\">\n                        <div class=\"row_inner col_align_top tb_col_count_1 tf_box tf_rel\">\n                        <div  data-lazy=\"1\" class=\"module_column tb-column col-full tb_fm6j353 first\">\n                    <!-- module text -->\n<div  class=\"module module-text tb_veuq353 checklist  \" data-lazy=\"1\">\n        <div  class=\"tb_text_wrap\">\n        <h2><b><img loading=\"lazy\" decoding=\"async\" class=\"alignright size-full wp-image-29136\" src=\"https:\/\/www4.best-harmony-life.com\/wp-content\/uploads\/2022\/11\/unnamed-150x150-1.png\" alt=\"\" width=\"150\" height=\"150\" srcset=\"https:\/\/www.best-harmony-life.com\/wp-content\/uploads\/2022\/11\/unnamed-150x150-1.png 150w, https:\/\/www.best-harmony-life.com\/wp-content\/uploads\/2022\/11\/unnamed-150x150-1-100x100.png 100w, https:\/\/www.best-harmony-life.com\/wp-content\/uploads\/2022\/11\/unnamed-150x150-1-600x600.png 600w\" sizes=\"auto, (max-width: 150px) 100vw, 150px\" title=\"\">What is numerology?<\/b><\/h2>\n<p>Knowing that, during our reincarnation, we have forgotten the goals we have set for ourselves before coming to earth, guidance on this path will be of great value.<\/p>\n<p>Several methods such as numerology, pentanalogy, the theme of crystal, etc \u2026 allow us to take back this forgotten knowledge.<\/p>\n<h2>Orientation &amp; life project<\/h2>\n<ul>\n<li>Elements in <a href=\"https:\/\/www.best-harmony-life.com\/en\/numerologie\/theme-de-numerologie\/\"><strong>numerology<\/strong><\/a>, based on your name, first names and date of birth, tell you the stages and the challenges in your life, as well as the most judicious dates when there are important decisions to take<\/li>\n<\/ul>\n<h2>Theme of numerology<\/h2>\n<p>Numerology is very instructive. It provides insights and details about a person and how they will interact with others and upcoming events. Calculations for a Numerology theme are very complex.<\/p>\n<p>These calculations are intended for both interested persons and <strong>professional numerologists<\/strong>.<\/p>\n<p>For your convenience, we can provide you with the following documents:<\/p>\n<ul>\n<li>the <strong>person\u2019s theme<\/strong><\/li>\n<li>the <strong>Excursion Table<\/strong><\/li>\n<li>the <strong>Personal Year<\/strong><\/li>\n<li>the <strong>Personal Day<\/strong><\/li>\n<li>both <strong>Comparative Themes<\/strong><\/li>\n<li>the <strong>Pythagoras Theme<\/strong><\/li>\n<li>the <strong>Triangle of Life<\/strong>, an innovation<\/li>\n<\/ul>\n<p>This document <strong>saves you from tedious calculations and hours of work<\/strong>. The result is ready to be put into practice.<\/p>\n<p>For this, we will need your personal data (first names, names, date of birth, year desired for the calculation of the personal year).<\/p>\n<p>We will gladly provide you with this information in PDF format, so that you can discover even more about yourself.<\/p>\n<p>We inform you, that this is just a calculation of your theme and <strong>not a numerology study\/analysis<\/strong>.<\/p>    <\/div>\n<\/div>\n<!-- \/module text --><!-- module buttons -->\n<div  class=\"module module-buttons tb_cwwn675 buttons-horizontal solid  large tb_gs29102638\" data-lazy=\"1\">\n        <div class=\"module-buttons-item tf_in_flx\">\n                        <a href=\"https:\/\/www.best-harmony-life.com\/en\/product\/calculations-of-the-numerology-chart\/\" class=\"ui builder_button tf_in_flx brown\" >\n                                                Order Calculations of the numerology chart with several information                                        <\/a>\n                <\/div>\n            <\/div>\n<!-- \/module buttons -->\n<!-- module text -->\n<div  class=\"module module-text tb_yx0t599   \" data-lazy=\"1\">\n        <div  class=\"tb_text_wrap\">\n        <h2>Theme example<\/h2>\n<p>\u00a0<\/p>    <\/div>\n<\/div>\n<!-- \/module text --><!-- module image -->\n<div  class=\"module module-image tb_pzdi674 image-center drop-shadow  tf_mw\" data-lazy=\"1\">\n        <div class=\"image-wrap tf_rel tf_mw\">\n            <img loading=\"lazy\" decoding=\"async\" src=\"https:\/\/www4.best-harmony-life.com\/wp-content\/uploads\/2022\/11\/numerologie-ap.png\" width=\"2150\" height=\"1514\" title=\"Numerology \u2013 Discover the stages and the challenges in your life\" alt=\"Numerology \u2013 Discover the stages and the challenges in your life\">    \n        <\/div>\n    <!-- \/image-wrap -->\n    \n        <\/div>\n<!-- \/module image --><!-- module image -->\n<div  class=\"module module-image tb_xiuf193 image-center drop-shadow  tf_mw\" data-lazy=\"1\">\n        <div class=\"image-wrap tf_rel tf_mw\">\n            <a href=\"https:\/\/www.best-harmony-life.com\/en\/product\/calculations-of-the-numerology-chart\/\">\n                   <img loading=\"lazy\" decoding=\"async\" width=\"2560\" height=\"1809\" src=\"https:\/\/www.best-harmony-life.com\/wp-content\/uploads\/2022\/11\/numerologie-theme-scaled-1.jpg\" class=\"wp-post-image wp-image-29143\" title=\"numerologie-theme-scaled\" alt=\"Num\u00e9rologie - Retrouver les buts \u00e0 r\u00e9aliser dans cette vie - best-harmony-life.com\" srcset=\"https:\/\/www.best-harmony-life.com\/wp-content\/uploads\/2022\/11\/numerologie-theme-scaled-1.jpg 2560w, https:\/\/www.best-harmony-life.com\/wp-content\/uploads\/2022\/11\/numerologie-theme-scaled-1-300x212.jpg 300w, https:\/\/www.best-harmony-life.com\/wp-content\/uploads\/2022\/11\/numerologie-theme-scaled-1-1024x724.jpg 1024w, https:\/\/www.best-harmony-life.com\/wp-content\/uploads\/2022\/11\/numerologie-theme-scaled-1-768x543.jpg 768w, https:\/\/www.best-harmony-life.com\/wp-content\/uploads\/2022\/11\/numerologie-theme-scaled-1-1536x1085.jpg 1536w, https:\/\/www.best-harmony-life.com\/wp-content\/uploads\/2022\/11\/numerologie-theme-scaled-1-2048x1447.jpg 2048w, https:\/\/www.best-harmony-life.com\/wp-content\/uploads\/2022\/11\/numerologie-theme-scaled-1-600x424.jpg 600w\" sizes=\"auto, (max-width: 2560px) 100vw, 2560px\" \/>        <\/a>\n    \n        <\/div>\n    <!-- \/image-wrap -->\n    \n        <\/div>\n<!-- \/module image --><!-- module buttons -->\n<div  class=\"module module-buttons tb_ms7e472 buttons-horizontal solid  large tb_gs29102638\" data-lazy=\"1\">\n        <div class=\"module-buttons-item tf_in_flx\">\n                        <a href=\"https:\/\/www.best-harmony-life.com\/en\/product\/calculations-of-the-numerology-chart\/\" class=\"ui builder_button tf_in_flx brown\" >\n                                                Order Calculations of the numerology chart with several information                                        <\/a>\n                <\/div>\n            <\/div>\n<!-- \/module buttons -->\n        <\/div>\n                        <\/div>\n        <\/div>\n        <\/div>\n<!--\/themify_builder_content-->","protected":false},"excerpt":{"rendered":"<p>What is numerology? Knowing that, during our reincarnation, we have forgotten the goals we have set for ourselves before coming to earth, guidance on this path will be of great value. Several methods such as numerology, pentanalogy, the theme of crystal, etc \u2026 allow us to take back this forgotten knowledge. Orientation &amp; life project [&hellip;]<\/p>\n","protected":false},"author":1,"featured_media":0,"parent":0,"menu_order":0,"comment_status":"closed","ping_status":"closed","template":"","meta":{"footnotes":""},"class_list":["post-29582","page","type-page","status-publish","hentry","has-post-title","has-post-date","has-post-category","has-post-tag","has-post-comment","has-post-author",""],"builder_content":"<h1>Numerology<br\/>Discover the stages and the challenges in your life<\/h1>\n<h2><b><img loading=\"lazy\" decoding=\"async\" src=\"https:\/\/www4.best-harmony-life.com\/wp-content\/uploads\/2022\/11\/unnamed-150x150-1.png\" alt=\"\" width=\"150\" height=\"150\" srcset=\"https:\/\/www.best-harmony-life.com\/wp-content\/uploads\/2022\/11\/unnamed-150x150-1.png 150w, https:\/\/www.best-harmony-life.com\/wp-content\/uploads\/2022\/11\/unnamed-150x150-1-100x100.png 100w, https:\/\/www.best-harmony-life.com\/wp-content\/uploads\/2022\/11\/unnamed-150x150-1-600x600.png 600w\" sizes=\"auto, (max-width: 150px) 100vw, 150px\" \/>What is numerology?<\/b><\/h2> <p>Knowing that, during our reincarnation, we have forgotten the goals we have set for ourselves before coming to earth, guidance on this path will be of great value.<\/p> <p>Several methods such as numerology, pentanalogy, the theme of crystal, etc \u2026 allow us to take back this forgotten knowledge.<\/p> <h2>Orientation &amp; life project<\/h2> <ul> <li>Elements in <a href=\"https:\/\/www.best-harmony-life.com\/en\/numerologie\/theme-de-numerologie\/\"><strong>numerology<\/strong><\/a>, based on your name, first names and date of birth, tell you the stages and the challenges in your life, as well as the most judicious dates when there are important decisions to take<\/li> <\/ul> <h2>Theme of numerology<\/h2> <p>Numerology is very instructive. It provides insights and details about a person and how they will interact with others and upcoming events. Calculations for a Numerology theme are very complex.<\/p> <p>These calculations are intended for both interested persons and <strong>professional numerologists<\/strong>.<\/p> <p>For your convenience, we can provide you with the following documents:<\/p> <ul> <li>the <strong>person\u2019s theme<\/strong><\/li> <li>the <strong>Excursion Table<\/strong><\/li> <li>the <strong>Personal Year<\/strong><\/li> <li>the <strong>Personal Day<\/strong><\/li> <li>both <strong>Comparative Themes<\/strong><\/li> <li>the <strong>Pythagoras Theme<\/strong><\/li> <li>the <strong>Triangle of Life<\/strong>, an innovation<\/li> <\/ul> <p>This document <strong>saves you from tedious calculations and hours of work<\/strong>. The result is ready to be put into practice.<\/p> <p>For this, we will need your personal data (first names, names, date of birth, year desired for the calculation of the personal year).<\/p> <p>We will gladly provide you with this information in PDF format, so that you can discover even more about yourself.<\/p> <p>We inform you, that this is just a calculation of your theme and <strong>not a numerology study\/analysis<\/strong>.<\/p>\n<a href=\"https:\/\/www.best-harmony-life.com\/en\/product\/calculations-of-the-numerology-chart\/\" > Order Calculations of the numerology chart with several information <\/a>\n<h2>Theme example<\/h2> <p>\u00a0<\/p>\n<img src=\"https:\/\/www4.best-harmony-life.com\/wp-content\/uploads\/2022\/11\/numerologie-ap.png\" width=\"2150\" height=\"1514\" title=\"Numerology \u2013 Discover the stages and the challenges in your life\" alt=\"Numerology \u2013 Discover the stages and the challenges in your life\">\n<a href=\"https:\/\/www.best-harmony-life.com\/en\/product\/calculations-of-the-numerology-chart\/\"> <img src=\"https:\/\/www.best-harmony-life.com\/wp-content\/uploads\/2022\/11\/numerologie-theme-scaled-1.jpg\" title=\"numerologie-theme-scaled\" alt=\"Num\u00e9rologie - Retrouver les buts \u00e0 r\u00e9aliser dans cette vie - best-harmony-life.com\" srcset=\"https:\/\/www.best-harmony-life.com\/wp-content\/uploads\/2022\/11\/numerologie-theme-scaled-1.jpg 2560w, https:\/\/www.best-harmony-life.com\/wp-content\/uploads\/2022\/11\/numerologie-theme-scaled-1-300x212.jpg 300w, https:\/\/www.best-harmony-life.com\/wp-content\/uploads\/2022\/11\/numerologie-theme-scaled-1-1024x724.jpg 1024w, https:\/\/www.best-harmony-life.com\/wp-content\/uploads\/2022\/11\/numerologie-theme-scaled-1-768x543.jpg 768w, https:\/\/www.best-harmony-life.com\/wp-content\/uploads\/2022\/11\/numerologie-theme-scaled-1-1536x1085.jpg 1536w, https:\/\/www.best-harmony-life.com\/wp-content\/uploads\/2022\/11\/numerologie-theme-scaled-1-2048x1447.jpg 2048w, https:\/\/www.best-harmony-life.com\/wp-content\/uploads\/2022\/11\/numerologie-theme-scaled-1-600x424.jpg 600w\" sizes=\"(max-width: 2560px) 100vw, 2560px\" \/> <\/a>\n<a href=\"https:\/\/www.best-harmony-life.com\/en\/product\/calculations-of-the-numerology-chart\/\" > Order Calculations of the numerology chart with several information <\/a>","_links":{"self":[{"href":"https:\/\/www.best-harmony-life.com\/en\/wp-json\/wp\/v2\/pages\/29582","targetHints":{"allow":["GET"]}}],"collection":[{"href":"https:\/\/www.best-harmony-life.com\/en\/wp-json\/wp\/v2\/pages"}],"about":[{"href":"https:\/\/www.best-harmony-life.com\/en\/wp-json\/wp\/v2\/types\/page"}],"author":[{"embeddable":true,"href":"https:\/\/www.best-harmony-life.com\/en\/wp-json\/wp\/v2\/users\/1"}],"replies":[{"embeddable":true,"href":"https:\/\/www.best-harmony-life.com\/en\/wp-json\/wp\/v2\/comments?post=29582"}],"version-history":[{"count":19,"href":"https:\/\/www.best-harmony-life.com\/en\/wp-json\/wp\/v2\/pages\/29582\/revisions"}],"predecessor-version":[{"id":33486,"href":"https:\/\/www.best-harmony-life.com\/en\/wp-json\/wp\/v2\/pages\/29582\/revisions\/33486"}],"wp:attachment":[{"href":"https:\/\/www.best-harmony-life.com\/en\/wp-json\/wp\/v2\/media?parent=29582"}],"curies":[{"name":"wp","href":"https:\/\/api.w.org\/{rel}","templated":true}]}}